{"id":89231,"date":"2023-03-06T00:13:10","date_gmt":"2023-03-06T00:13:10","guid":{"rendered":"https:\/\/www.3p-gmbh.de\/produkt\/2-tes-unidade-dobravel-de-quatro-bolsas-movel-e-regulavel-em-altura-herzog-heymann-hh-m7-35-4\/"},"modified":"2023-03-06T00:13:10","modified_gmt":"2023-03-06T00:13:10","slug":"2-estacao-bolsa-dobravel-mill-herzog-heymann-hh-m7-35-4","status":"publish","type":"product","link":"https:\/\/www.3p-gmbh.de\/pt-br\/produkt\/2-estacao-bolsa-dobravel-mill-herzog-heymann-hh-m7-35-4\/","title":{"rendered":"2.tes unidade dobr\u00e1vel de quatro bolsas, m\u00f3vel e regul\u00e1vel em altura Herzog &amp; Heymann H&amp;H M7.35-4"},"content":{"rendered":"<p><strong>2.tes unidade dobr\u00e1vel de quatro bolsas, m\u00f3vel e regul\u00e1vel em altura Herzog &amp; Heymann H&amp;H M7.35-4<\/strong><br \/>\n<strong>a partir de 2002  <\/strong><\/p>\n<p>Controlo intr\u00ednseco com paragem de emerg\u00eancia<br \/>\nMesa de rolos com alimenta\u00e7\u00e3o de r\u00e9gua como FW 2, guias de alta velocidade<br \/>\nDesloca\u00e7\u00e3o para manter as cabe\u00e7as de perfura\u00e7\u00e3o ou de colagem em frente ao alimentador<br \/>\nEixo passante de eixo de corte \u00fanico montado \u00e0 frente<br \/>\n4 bolsos dobr\u00e1veis 780cm<br \/>\nRolos de dobragem segmentados com 35 mm de di\u00e2metro<br \/>\nEixos de corte duplos a jusante Eixos axiais<\/p>\n","protected":false},"excerpt":{"rendered":"<p>2.tes unidade dobr\u00e1vel de quatro bolsas, m\u00f3vel e regul\u00e1vel em altura Herzog &amp; Heymann H&amp;H M7.35-4 a partir de 2002 Controlo intr\u00ednseco com paragem de emerg\u00eancia Mesa de rolos com alimenta\u00e7\u00e3o de r\u00e9gua como FW 2, guias de alta velocidade Desloca\u00e7\u00e3o para manter as cabe\u00e7as de perfura\u00e7\u00e3o ou de colagem em frente ao alimentador Eixo [&hellip;]<\/p>\n","protected":false},"featured_media":86260,"template":"","meta":[],"product_brand":[],"product_cat":[2912,2979],"product_tag":[],"class_list":{"0":"post-89231","1":"product","2":"type-product","3":"status-publish","4":"has-post-thumbnail","6":"product_cat-unidades-de-dobragem","7":"product_cat-maquinas-de-dobrar","8":"pa_hersteller-herzog-heymann","9":"pa_typ-m7-35-4","11":"first","12":"instock","13":"taxable","14":"shipping-taxable","15":"product-type-simple"},"jetpack_sharing_enabled":true,"_links":{"self":[{"href":"https:\/\/www.3p-gmbh.de\/pt-br\/wp-json\/wp\/v2\/product\/89231","targetHints":{"allow":["GET"]}}],"collection":[{"href":"https:\/\/www.3p-gmbh.de\/pt-br\/wp-json\/wp\/v2\/product"}],"about":[{"href":"https:\/\/www.3p-gmbh.de\/pt-br\/wp-json\/wp\/v2\/types\/product"}],"wp:featuredmedia":[{"embeddable":true,"href":"https:\/\/www.3p-gmbh.de\/pt-br\/wp-json\/wp\/v2\/media\/86260"}],"wp:attachment":[{"href":"https:\/\/www.3p-gmbh.de\/pt-br\/wp-json\/wp\/v2\/media?parent=89231"}],"wp:term":[{"taxonomy":"product_brand","embeddable":true,"href":"https:\/\/www.3p-gmbh.de\/pt-br\/wp-json\/wp\/v2\/product_brand?post=89231"},{"taxonomy":"product_cat","embeddable":true,"href":"https:\/\/www.3p-gmbh.de\/pt-br\/wp-json\/wp\/v2\/product_cat?post=89231"},{"taxonomy":"product_tag","embeddable":true,"href":"https:\/\/www.3p-gmbh.de\/pt-br\/wp-json\/wp\/v2\/product_tag?post=89231"}],"curies":[{"name":"wp","href":"https:\/\/api.w.org\/{rel}","templated":true}]}}