{"id":89190,"date":"2023-03-06T00:39:52","date_gmt":"2023-03-06T00:39:52","guid":{"rendered":"https:\/\/www.3p-gmbh.de\/produkt\/mesa-de-alimentacao-stahlfolder-fi-36-com-alimentador-non-stop-nsf-36\/"},"modified":"2023-03-06T00:39:52","modified_gmt":"2023-03-06T00:39:52","slug":"alimentador-mesa-carteira-de-aco-fi-36-com-alimentador-nao-parado-nsf-36","status":"publish","type":"product","link":"https:\/\/www.3p-gmbh.de\/pt-br\/produkt\/alimentador-mesa-carteira-de-aco-fi-36-com-alimentador-nao-parado-nsf-36\/","title":{"rendered":"Mesa de alimenta\u00e7\u00e3o Stahlfolder Fi-36 com alimentador non-stop NSF 36"},"content":{"rendered":"<p style=\"font-weight: 400;\"><strong>Heidelberg Stahlfolder<br \/>\n<\/strong><strong>Mesa de alimenta\u00e7\u00e3o Stahlfolder Fi-36 com alimentador non-stop NSF 36<\/strong><\/p>\n<p style=\"font-weight: 400;\">m\u00e1ximo. Largura de entrada 36 mm<\/p>\n","protected":false},"excerpt":{"rendered":"<p>Heidelberg Stahlfolder Mesa de alimenta\u00e7\u00e3o Stahlfolder Fi-36 com alimentador non-stop NSF 36 m\u00e1ximo. Largura de entrada 36 mm<\/p>\n","protected":false},"featured_media":85744,"template":"","meta":[],"product_brand":[],"product_cat":[3019],"product_tag":[],"class_list":{"0":"post-89190","1":"product","2":"type-product","3":"status-publish","4":"has-post-thumbnail","6":"product_cat-investidores","7":"pa_hersteller-heidelberg","8":"pa_typ-nsf-36","10":"first","11":"instock","12":"taxable","13":"shipping-taxable","14":"product-type-simple"},"jetpack_sharing_enabled":true,"_links":{"self":[{"href":"https:\/\/www.3p-gmbh.de\/pt-br\/wp-json\/wp\/v2\/product\/89190","targetHints":{"allow":["GET"]}}],"collection":[{"href":"https:\/\/www.3p-gmbh.de\/pt-br\/wp-json\/wp\/v2\/product"}],"about":[{"href":"https:\/\/www.3p-gmbh.de\/pt-br\/wp-json\/wp\/v2\/types\/product"}],"wp:featuredmedia":[{"embeddable":true,"href":"https:\/\/www.3p-gmbh.de\/pt-br\/wp-json\/wp\/v2\/media\/85744"}],"wp:attachment":[{"href":"https:\/\/www.3p-gmbh.de\/pt-br\/wp-json\/wp\/v2\/media?parent=89190"}],"wp:term":[{"taxonomy":"product_brand","embeddable":true,"href":"https:\/\/www.3p-gmbh.de\/pt-br\/wp-json\/wp\/v2\/product_brand?post=89190"},{"taxonomy":"product_cat","embeddable":true,"href":"https:\/\/www.3p-gmbh.de\/pt-br\/wp-json\/wp\/v2\/product_cat?post=89190"},{"taxonomy":"product_tag","embeddable":true,"href":"https:\/\/www.3p-gmbh.de\/pt-br\/wp-json\/wp\/v2\/product_tag?post=89190"}],"curies":[{"name":"wp","href":"https:\/\/api.w.org\/{rel}","templated":true}]}}