{"id":89174,"date":"2023-03-19T19:37:22","date_gmt":"2023-03-19T19:37:22","guid":{"rendered":"https:\/\/www.3p-gmbh.de\/produkt\/triturador-ideal-2600-4-x-40mm\/"},"modified":"2023-03-19T19:37:22","modified_gmt":"2023-03-19T19:37:22","slug":"aktenvernichter-ideal-2600-4-x-40mm","status":"publish","type":"product","link":"https:\/\/www.3p-gmbh.de\/pt-br\/produkt\/aktenvernichter-ideal-2600-4-x-40mm\/","title":{"rendered":"Triturador IDEAL 2600 4 x 40mm"},"content":{"rendered":"<p><strong>Triturador IDEAL 2600 4 x 40mm<\/strong><\/p>\n<p>Destr\u00f3i: clipes, CDs\/DVDs, agrafos, cart\u00f5es de cr\u00e9dito, papel<\/p>\n<p>Tamanho do corte do papel: corte de part\u00edculas de 4x40mm<br \/>\nTamanho do corte do papel (filtro): Corte das part\u00edculas<br \/>\nDIN 66399 N\u00edvel de seguran\u00e7a \/ papel: DIN P-4<br \/>\nCapacidade de folhas: 25 folhas<br \/>\nCapacidade de folhas (filtro): 20 folhas +<br \/>\nNecessidade di\u00e1ria: 1000 folhas<br \/>\nLargura de enchimento: 260 mm<br \/>\nLargura de enchimento (filtro): A4+<br \/>\nCapacidade do dep\u00f3sito de recolha: 100 litros<br \/>\nCapacidade do dep\u00f3sito de recolha (filtro): 100 litros +<br \/>\nVelocidade de corte: 4,8 metros\/min<br \/>\nN\u00edvel de ru\u00eddo: 68 dB<br \/>\nMotor: 640 watts<br \/>\nTempo de funcionamento cont\u00ednuo: 24 horas<br \/>\nTempo de funcionamento cont\u00ednuo (filtro): 24h de funcionamento cont\u00ednuo<br \/>\nTempo de arrefecimento do motor: n\u00e3o aplic\u00e1vel<br \/>\nTens\u00e3o (V\/Hz): 230\/50 V\/Hz<br \/>\nDimens\u00f5es (L*A*P*): 495*926*470*mm<br \/>\nPeso: 48 kg<\/p>\n","protected":false},"excerpt":{"rendered":"<p>Triturador IDEAL 2600 4 x 40mm Destr\u00f3i: clipes, CDs\/DVDs, agrafos, cart\u00f5es de cr\u00e9dito, papel Tamanho do corte do papel: corte de part\u00edculas de 4x40mm Tamanho do corte do papel (filtro): Corte das part\u00edculas DIN 66399 N\u00edvel de seguran\u00e7a \/ papel: DIN P-4 Capacidade de folhas: 25 folhas Capacidade de folhas (filtro): 20 folhas + Necessidade [&hellip;]<\/p>\n","protected":false},"featured_media":85966,"template":"","meta":[],"product_brand":[],"product_cat":[2892],"product_tag":[],"class_list":{"0":"post-89174","1":"product","2":"type-product","3":"status-publish","4":"has-post-thumbnail","6":"product_cat-encadernacao-de-sortido","7":"pa_hersteller-ideal","9":"first","10":"instock","11":"taxable","12":"shipping-taxable","13":"product-type-simple"},"jetpack_sharing_enabled":true,"_links":{"self":[{"href":"https:\/\/www.3p-gmbh.de\/pt-br\/wp-json\/wp\/v2\/product\/89174","targetHints":{"allow":["GET"]}}],"collection":[{"href":"https:\/\/www.3p-gmbh.de\/pt-br\/wp-json\/wp\/v2\/product"}],"about":[{"href":"https:\/\/www.3p-gmbh.de\/pt-br\/wp-json\/wp\/v2\/types\/product"}],"wp:featuredmedia":[{"embeddable":true,"href":"https:\/\/www.3p-gmbh.de\/pt-br\/wp-json\/wp\/v2\/media\/85966"}],"wp:attachment":[{"href":"https:\/\/www.3p-gmbh.de\/pt-br\/wp-json\/wp\/v2\/media?parent=89174"}],"wp:term":[{"taxonomy":"product_brand","embeddable":true,"href":"https:\/\/www.3p-gmbh.de\/pt-br\/wp-json\/wp\/v2\/product_brand?post=89174"},{"taxonomy":"product_cat","embeddable":true,"href":"https:\/\/www.3p-gmbh.de\/pt-br\/wp-json\/wp\/v2\/product_cat?post=89174"},{"taxonomy":"product_tag","embeddable":true,"href":"https:\/\/www.3p-gmbh.de\/pt-br\/wp-json\/wp\/v2\/product_tag?post=89174"}],"curies":[{"name":"wp","href":"https:\/\/api.w.org\/{rel}","templated":true}]}}