{"id":89118,"date":"2023-03-19T23:37:29","date_gmt":"2023-03-19T23:37:29","guid":{"rendered":"https:\/\/www.3p-gmbh.de\/produkt\/kugler-womako-ferramenta-de-perfuracao-de-uma-peca-6x6-para-encadernacoes-de-arame-argolas-para-encadernacao\/"},"modified":"2023-03-19T23:37:29","modified_gmt":"2023-03-19T23:37:29","slug":"kugler-womako-ferramenta-de-perfuracao-de-uma-peca-6x6-para-livros-de-argolas-de-encadernacao-de-arame","status":"publish","type":"product","link":"https:\/\/www.3p-gmbh.de\/pt-br\/produkt\/kugler-womako-ferramenta-de-perfuracao-de-uma-peca-6x6-para-livros-de-argolas-de-encadernacao-de-arame\/","title":{"rendered":"Kugler Womako ferramenta de perfura\u00e7\u00e3o de uma pe\u00e7a 6&#215;6 para encaderna\u00e7\u00f5es de arame &#8211; argolas para encaderna\u00e7\u00e3o"},"content":{"rendered":"<p><strong>Kugler Womako ferramenta de perfura\u00e7\u00e3o de uma pe\u00e7a 6&#215;6 para encaderna\u00e7\u00f5es de arame &#8211; argolas para encaderna\u00e7\u00e3o  <\/strong><\/p>\n","protected":false},"excerpt":{"rendered":"<p>Kugler Womako ferramenta de perfura\u00e7\u00e3o de uma pe\u00e7a 6&#215;6 para encaderna\u00e7\u00f5es de arame &#8211; argolas para encaderna\u00e7\u00e3o<\/p>\n","protected":false},"featured_media":86071,"template":"","meta":[],"product_brand":[],"product_cat":[2906],"product_tag":[],"class_list":{"0":"post-89118","1":"product","2":"type-product","3":"status-publish","4":"has-post-thumbnail","6":"product_cat-perfuracao","7":"pa_hersteller-renz-kugler-womako","9":"first","10":"instock","11":"taxable","12":"shipping-taxable","13":"product-type-simple"},"jetpack_sharing_enabled":true,"_links":{"self":[{"href":"https:\/\/www.3p-gmbh.de\/pt-br\/wp-json\/wp\/v2\/product\/89118","targetHints":{"allow":["GET"]}}],"collection":[{"href":"https:\/\/www.3p-gmbh.de\/pt-br\/wp-json\/wp\/v2\/product"}],"about":[{"href":"https:\/\/www.3p-gmbh.de\/pt-br\/wp-json\/wp\/v2\/types\/product"}],"wp:featuredmedia":[{"embeddable":true,"href":"https:\/\/www.3p-gmbh.de\/pt-br\/wp-json\/wp\/v2\/media\/86071"}],"wp:attachment":[{"href":"https:\/\/www.3p-gmbh.de\/pt-br\/wp-json\/wp\/v2\/media?parent=89118"}],"wp:term":[{"taxonomy":"product_brand","embeddable":true,"href":"https:\/\/www.3p-gmbh.de\/pt-br\/wp-json\/wp\/v2\/product_brand?post=89118"},{"taxonomy":"product_cat","embeddable":true,"href":"https:\/\/www.3p-gmbh.de\/pt-br\/wp-json\/wp\/v2\/product_cat?post=89118"},{"taxonomy":"product_tag","embeddable":true,"href":"https:\/\/www.3p-gmbh.de\/pt-br\/wp-json\/wp\/v2\/product_tag?post=89118"}],"curies":[{"name":"wp","href":"https:\/\/api.w.org\/{rel}","templated":true}]}}