{"id":89107,"date":"2023-03-19T23:35:04","date_gmt":"2023-03-19T23:35:04","guid":{"rendered":"https:\/\/www.3p-gmbh.de\/produkt\/ernst-nagel-rillnak-longitudinal-ferramenta-de-perfuracao-com-raspador\/"},"modified":"2023-03-19T23:35:04","modified_gmt":"2023-03-19T23:35:04","slug":"ernst-nagel-rillnak-laengs-perforation-tool-with-scraper","status":"publish","type":"product","link":"https:\/\/www.3p-gmbh.de\/pt-br\/produkt\/ernst-nagel-rillnak-laengs-perforation-tool-with-scraper\/","title":{"rendered":"Ernst Nagel Rillnak Longitudinal &#8211; Ferramenta de perfura\u00e7\u00e3o com raspador"},"content":{"rendered":"<p><strong>Ernst Nagel Rillnak Longitudinal &#8211; Ferramenta de perfura\u00e7\u00e3o com raspador<\/strong><\/p>\n","protected":false},"excerpt":{"rendered":"<p>Ernst Nagel Rillnak Longitudinal &#8211; Ferramenta de perfura\u00e7\u00e3o com raspador<\/p>\n","protected":false},"featured_media":86062,"template":"","meta":[],"product_brand":[],"product_cat":[2962],"product_tag":[],"class_list":{"0":"post-89107","1":"product","2":"type-product","3":"status-publish","4":"has-post-thumbnail","6":"product_cat-maquinas-de-ranhurar-e-de-perfurar","7":"pa_hersteller-ernst-nagel","9":"first","10":"instock","11":"taxable","12":"shipping-taxable","13":"product-type-simple"},"jetpack_sharing_enabled":true,"_links":{"self":[{"href":"https:\/\/www.3p-gmbh.de\/pt-br\/wp-json\/wp\/v2\/product\/89107","targetHints":{"allow":["GET"]}}],"collection":[{"href":"https:\/\/www.3p-gmbh.de\/pt-br\/wp-json\/wp\/v2\/product"}],"about":[{"href":"https:\/\/www.3p-gmbh.de\/pt-br\/wp-json\/wp\/v2\/types\/product"}],"wp:featuredmedia":[{"embeddable":true,"href":"https:\/\/www.3p-gmbh.de\/pt-br\/wp-json\/wp\/v2\/media\/86062"}],"wp:attachment":[{"href":"https:\/\/www.3p-gmbh.de\/pt-br\/wp-json\/wp\/v2\/media?parent=89107"}],"wp:term":[{"taxonomy":"product_brand","embeddable":true,"href":"https:\/\/www.3p-gmbh.de\/pt-br\/wp-json\/wp\/v2\/product_brand?post=89107"},{"taxonomy":"product_cat","embeddable":true,"href":"https:\/\/www.3p-gmbh.de\/pt-br\/wp-json\/wp\/v2\/product_cat?post=89107"},{"taxonomy":"product_tag","embeddable":true,"href":"https:\/\/www.3p-gmbh.de\/pt-br\/wp-json\/wp\/v2\/product_tag?post=89107"}],"curies":[{"name":"wp","href":"https:\/\/api.w.org\/{rel}","templated":true}]}}