{"id":89098,"date":"2023-03-09T23:34:26","date_gmt":"2023-03-09T23:34:26","guid":{"rendered":"https:\/\/www.3p-gmbh.de\/produkt\/extracao-movel-e-compacta-de-aparas-de-borda-hunkeler-hku-2000-n\/"},"modified":"2023-03-09T23:34:26","modified_gmt":"2023-03-09T23:34:26","slug":"compacto-movel-de-ponta-para-succao-hunkeler-hku-2000-n","status":"publish","type":"product","link":"https:\/\/www.3p-gmbh.de\/pt-br\/produkt\/compacto-movel-de-ponta-para-succao-hunkeler-hku-2000-n\/","title":{"rendered":"Extra\u00e7\u00e3o m\u00f3vel e compacta de aparas de borda Hunkeler HKU-2000 N"},"content":{"rendered":"<div><strong>Sistema m\u00f3vel e compacto de extra\u00e7\u00e3o de aparas<\/strong><\/div>\n<div><strong>Hunkeler HKU-2000 N<\/strong><\/div>\n<div><strong>a partir de 2019<\/strong><\/div>\n","protected":false},"excerpt":{"rendered":"<p>Sistema m\u00f3vel e compacto de extra\u00e7\u00e3o de aparas Hunkeler HKU-2000 N a partir de 2019<\/p>\n","protected":false},"featured_media":85810,"template":"","meta":[],"product_brand":[],"product_cat":[3012],"product_tag":[],"class_list":{"0":"post-89098","1":"product","2":"type-product","3":"status-publish","4":"has-post-thumbnail","6":"product_cat-compensacao-web","7":"pa_hersteller-hunkeler","8":"pa_typ-hku-2000-n","10":"first","11":"instock","12":"taxable","13":"shipping-taxable","14":"product-type-simple"},"jetpack_sharing_enabled":true,"_links":{"self":[{"href":"https:\/\/www.3p-gmbh.de\/pt-br\/wp-json\/wp\/v2\/product\/89098","targetHints":{"allow":["GET"]}}],"collection":[{"href":"https:\/\/www.3p-gmbh.de\/pt-br\/wp-json\/wp\/v2\/product"}],"about":[{"href":"https:\/\/www.3p-gmbh.de\/pt-br\/wp-json\/wp\/v2\/types\/product"}],"wp:featuredmedia":[{"embeddable":true,"href":"https:\/\/www.3p-gmbh.de\/pt-br\/wp-json\/wp\/v2\/media\/85810"}],"wp:attachment":[{"href":"https:\/\/www.3p-gmbh.de\/pt-br\/wp-json\/wp\/v2\/media?parent=89098"}],"wp:term":[{"taxonomy":"product_brand","embeddable":true,"href":"https:\/\/www.3p-gmbh.de\/pt-br\/wp-json\/wp\/v2\/product_brand?post=89098"},{"taxonomy":"product_cat","embeddable":true,"href":"https:\/\/www.3p-gmbh.de\/pt-br\/wp-json\/wp\/v2\/product_cat?post=89098"},{"taxonomy":"product_tag","embeddable":true,"href":"https:\/\/www.3p-gmbh.de\/pt-br\/wp-json\/wp\/v2\/product_tag?post=89098"}],"curies":[{"name":"wp","href":"https:\/\/api.w.org\/{rel}","templated":true}]}}