{"id":89084,"date":"2023-03-09T23:52:12","date_gmt":"2023-03-09T23:52:12","guid":{"rendered":"https:\/\/www.3p-gmbh.de\/produkt\/kodak-insite-na-estacao-de-trabalho-dell-poweredge-t-340\/"},"modified":"2023-03-09T23:52:12","modified_gmt":"2023-03-09T23:52:12","slug":"kodak-insite-on-dell-poweredge-t-340-workstation","status":"publish","type":"product","link":"https:\/\/www.3p-gmbh.de\/pt-br\/produkt\/kodak-insite-on-dell-poweredge-t-340-workstation\/","title":{"rendered":"Kodak Insite na esta\u00e7\u00e3o de trabalho Dell PowerEdge T 340"},"content":{"rendered":"<p><strong>Kodak Insite na esta\u00e7\u00e3o de trabalho Dell PowerEdge T 340<\/strong><br \/>\n<strong>a partir de 2020<\/strong><\/p>\n","protected":false},"excerpt":{"rendered":"<p>Kodak Insite na esta\u00e7\u00e3o de trabalho Dell PowerEdge T 340 a partir de 2020<\/p>\n","protected":false},"featured_media":85837,"template":"","meta":[],"product_brand":[],"product_cat":[3007],"product_tag":[],"class_list":{"0":"post-89084","1":"product","2":"type-product","3":"status-publish","4":"has-post-thumbnail","6":"product_cat-software-de-pre-impressao","8":"first","9":"instock","10":"taxable","11":"shipping-taxable","12":"product-type-simple"},"jetpack_sharing_enabled":true,"_links":{"self":[{"href":"https:\/\/www.3p-gmbh.de\/pt-br\/wp-json\/wp\/v2\/product\/89084","targetHints":{"allow":["GET"]}}],"collection":[{"href":"https:\/\/www.3p-gmbh.de\/pt-br\/wp-json\/wp\/v2\/product"}],"about":[{"href":"https:\/\/www.3p-gmbh.de\/pt-br\/wp-json\/wp\/v2\/types\/product"}],"wp:featuredmedia":[{"embeddable":true,"href":"https:\/\/www.3p-gmbh.de\/pt-br\/wp-json\/wp\/v2\/media\/85837"}],"wp:attachment":[{"href":"https:\/\/www.3p-gmbh.de\/pt-br\/wp-json\/wp\/v2\/media?parent=89084"}],"wp:term":[{"taxonomy":"product_brand","embeddable":true,"href":"https:\/\/www.3p-gmbh.de\/pt-br\/wp-json\/wp\/v2\/product_brand?post=89084"},{"taxonomy":"product_cat","embeddable":true,"href":"https:\/\/www.3p-gmbh.de\/pt-br\/wp-json\/wp\/v2\/product_cat?post=89084"},{"taxonomy":"product_tag","embeddable":true,"href":"https:\/\/www.3p-gmbh.de\/pt-br\/wp-json\/wp\/v2\/product_tag?post=89084"}],"curies":[{"name":"wp","href":"https:\/\/api.w.org\/{rel}","templated":true}]}}