{"id":89019,"date":"2023-04-10T22:34:41","date_gmt":"2023-04-10T22:34:41","guid":{"rendered":"https:\/\/www.3p-gmbh.de\/produkt\/elevador-empilhavel-polar-mohr-polar-lw-450\/"},"modified":"2023-04-10T22:34:41","modified_gmt":"2023-04-10T22:34:41","slug":"polar-mohr-stack-lift-polar-lw-450","status":"publish","type":"product","link":"https:\/\/www.3p-gmbh.de\/pt-br\/produkt\/polar-mohr-stack-lift-polar-lw-450\/","title":{"rendered":"Elevador empilh\u00e1vel Polar Mohr Polar LW 450"},"content":{"rendered":"<p><strong>Elevador empilh\u00e1vel Polar Mohr Polar LW 450<\/strong><br \/>\n<strong>desde 1994<\/strong><\/p>\n<p>A eleva\u00e7\u00e3o autom\u00e1tica do material a cortar permite ao operador cortar da forma que lhe convier.<br \/>\naltura de trabalho ergonomicamente favor\u00e1vel, o material \u00e9 alimentado no sistema autom\u00e1tico ou diretamente na<br \/>\ncarregar a m\u00e1quina de corte.<br \/>\nNo entanto, o elevador de empilhamento tamb\u00e9m pode ser utilizado para empilhar material cortado<\/p>\n<p>Os elevadores empilh\u00e1veis n\u00e3o t\u00eam de ser ancorados no ch\u00e3o e podem, por isso, ser facilmente deslocados sobre rodas.<br \/>\nEst\u00e3o equipados com barreiras luminosas de reflexo continuamente ajust\u00e1veis para eleva\u00e7\u00e3o ou descida autom\u00e1tica.<\/p>\n<p>Dados t\u00e9cnicos<br \/>\nBanheira (dimens\u00f5es interiores) cm 62 x 90<br \/>\nCurso at\u00e9 cm 85<br \/>\nAltura (no curso m\u00e1ximo) cm 150 (196)<br \/>\nCapacidade de carga m\u00e1xima kg 450<\/p>\n","protected":false},"excerpt":{"rendered":"<p>Elevador empilh\u00e1vel Polar Mohr Polar LW 450 desde 1994 A eleva\u00e7\u00e3o autom\u00e1tica do material a cortar permite ao operador cortar da forma que lhe convier. altura de trabalho ergonomicamente favor\u00e1vel, o material \u00e9 alimentado no sistema autom\u00e1tico ou diretamente na carregar a m\u00e1quina de corte. No entanto, o elevador de empilhamento tamb\u00e9m pode ser utilizado [&hellip;]<\/p>\n","protected":false},"featured_media":86418,"template":"","meta":[],"product_brand":[],"product_cat":[2978],"product_tag":[],"class_list":{"0":"post-89019","1":"product","2":"type-product","3":"status-publish","4":"has-post-thumbnail","6":"product_cat-elevadores-de-pilha-e-elevadores-de-pilha","7":"pa_hersteller-polar-mohr","8":"pa_typ-lw-450","10":"first","11":"instock","12":"taxable","13":"shipping-taxable","14":"product-type-simple"},"jetpack_sharing_enabled":true,"_links":{"self":[{"href":"https:\/\/www.3p-gmbh.de\/pt-br\/wp-json\/wp\/v2\/product\/89019","targetHints":{"allow":["GET"]}}],"collection":[{"href":"https:\/\/www.3p-gmbh.de\/pt-br\/wp-json\/wp\/v2\/product"}],"about":[{"href":"https:\/\/www.3p-gmbh.de\/pt-br\/wp-json\/wp\/v2\/types\/product"}],"wp:featuredmedia":[{"embeddable":true,"href":"https:\/\/www.3p-gmbh.de\/pt-br\/wp-json\/wp\/v2\/media\/86418"}],"wp:attachment":[{"href":"https:\/\/www.3p-gmbh.de\/pt-br\/wp-json\/wp\/v2\/media?parent=89019"}],"wp:term":[{"taxonomy":"product_brand","embeddable":true,"href":"https:\/\/www.3p-gmbh.de\/pt-br\/wp-json\/wp\/v2\/product_brand?post=89019"},{"taxonomy":"product_cat","embeddable":true,"href":"https:\/\/www.3p-gmbh.de\/pt-br\/wp-json\/wp\/v2\/product_cat?post=89019"},{"taxonomy":"product_tag","embeddable":true,"href":"https:\/\/www.3p-gmbh.de\/pt-br\/wp-json\/wp\/v2\/product_tag?post=89019"}],"curies":[{"name":"wp","href":"https:\/\/api.w.org\/{rel}","templated":true}]}}