{"id":89002,"date":"2023-04-10T21:38:41","date_gmt":"2023-04-10T21:38:41","guid":{"rendered":"https:\/\/www.3p-gmbh.de\/produkt\/pacote-de-pecas-sobressalentes-para-o-processador-de-placas-glunz-jensen-gearbox-dev-drg-kit\/"},"modified":"2023-04-10T21:38:41","modified_gmt":"2023-04-10T21:38:41","slug":"pacote-de-pecas-sobressalentes-para-desenvolvedor-de-disco-glunz-jensen-gearbox-dev-drg-kit","status":"publish","type":"product","link":"https:\/\/www.3p-gmbh.de\/pt-br\/produkt\/pacote-de-pecas-sobressalentes-para-desenvolvedor-de-disco-glunz-jensen-gearbox-dev-drg-kit\/","title":{"rendered":"Pacote de pe\u00e7as sobressalentes para o processador de placas Glunz &amp; Jensen Gearbox Dev DRG KIT"},"content":{"rendered":"<p><strong>Pacote de pe\u00e7as sobressalentes para m\u00e1quina de revela\u00e7\u00e3o de chapas de impress\u00e3o Sec\u00e7\u00e3o de revela\u00e7\u00e3o<\/strong><\/p>\n<p>Glunz &amp; Jensen Caixa de velocidades Dev DRG KIT<\/p>\n<p>G &amp; J Part. N.\u00ba 22029980<\/p>\n<p>Parte do cliente. N.\u00ba DW + 9029980<\/p>\n","protected":false},"excerpt":{"rendered":"<p>Pacote de pe\u00e7as sobressalentes para m\u00e1quina de revela\u00e7\u00e3o de chapas de impress\u00e3o Sec\u00e7\u00e3o de revela\u00e7\u00e3o Glunz &amp; Jensen Caixa de velocidades Dev DRG KIT G &amp; J Part. N.\u00ba 22029980 Parte do cliente. N.\u00ba DW + 9029980<\/p>\n","protected":false},"featured_media":86381,"template":"","meta":[],"product_brand":[],"product_cat":[2877],"product_tag":[],"class_list":{"0":"post-89002","1":"product","2":"type-product","3":"status-publish","4":"has-post-thumbnail","6":"product_cat-equipamento-de-oficina","8":"first","9":"instock","10":"taxable","11":"shipping-taxable","12":"product-type-simple"},"jetpack_sharing_enabled":true,"_links":{"self":[{"href":"https:\/\/www.3p-gmbh.de\/pt-br\/wp-json\/wp\/v2\/product\/89002","targetHints":{"allow":["GET"]}}],"collection":[{"href":"https:\/\/www.3p-gmbh.de\/pt-br\/wp-json\/wp\/v2\/product"}],"about":[{"href":"https:\/\/www.3p-gmbh.de\/pt-br\/wp-json\/wp\/v2\/types\/product"}],"wp:featuredmedia":[{"embeddable":true,"href":"https:\/\/www.3p-gmbh.de\/pt-br\/wp-json\/wp\/v2\/media\/86381"}],"wp:attachment":[{"href":"https:\/\/www.3p-gmbh.de\/pt-br\/wp-json\/wp\/v2\/media?parent=89002"}],"wp:term":[{"taxonomy":"product_brand","embeddable":true,"href":"https:\/\/www.3p-gmbh.de\/pt-br\/wp-json\/wp\/v2\/product_brand?post=89002"},{"taxonomy":"product_cat","embeddable":true,"href":"https:\/\/www.3p-gmbh.de\/pt-br\/wp-json\/wp\/v2\/product_cat?post=89002"},{"taxonomy":"product_tag","embeddable":true,"href":"https:\/\/www.3p-gmbh.de\/pt-br\/wp-json\/wp\/v2\/product_tag?post=89002"}],"curies":[{"name":"wp","href":"https:\/\/api.w.org\/{rel}","templated":true}]}}