{"id":88993,"date":"2023-06-13T23:45:51","date_gmt":"2023-06-13T23:45:51","guid":{"rendered":"https:\/\/www.3p-gmbh.de\/produkt\/prensa-quadrada-nagel-sp-plus-ernst-nagel-sp-plus-online\/"},"modified":"2023-12-20T13:49:11","modified_gmt":"2023-12-20T13:49:11","slug":"nail-sp-plus-square-press-ernst-nail-sp-plus-online","status":"publish","type":"product","link":"https:\/\/www.3p-gmbh.de\/pt-br\/produkt\/nail-sp-plus-square-press-ernst-nail-sp-plus-online\/","title":{"rendered":"Prensa quadrada Nagel SP Plus &#8211; Ernst Nagel SP Plus online"},"content":{"rendered":"<p><strong>Prensa quadrada Nagel SP Plus &#8211; Ernst Nagel SP Plus online<\/strong><br \/>\n<strong>Aparelho em segunda m\u00e3o<\/strong><\/p>\n<p>A lombada da brochura j\u00e1 cosida ganha o aspeto de uma encaderna\u00e7\u00e3o adesiva de alta qualidade atrav\u00e9s de prensagem.<\/p>\n<p>A sua vantagem:<br \/>\nA lombada do folheto pode ser impressa. Empilhar, armazenar e embalar torna-se mais f\u00e1cil e economiza espa\u00e7o, as brochuras j\u00e1 n\u00e3o se abrem.<\/p>\n<p>O SP Plus \u00e9 muito flex\u00edvel na sua utiliza\u00e7\u00e3o:<br \/>\nM\u00f3vel offline em processamento posterior,<br \/>\ncomo uma variante em linha diretamente atr\u00e1s do Foldnak 8, do Foldnak 80, do Foldnak 100 como uma solu\u00e7\u00e3o em linha r\u00e1pida e segura<\/p>\n<p>at\u00e9 30 folhas (80 gramas\/m2) por caderno para formatos at\u00e9 350 mm x 250 mm.<br \/>\nCom uma \u00fanica passagem, a SP Plus Offline pode atingir at\u00e9 1.200 por hora.<\/p>\n","protected":false},"excerpt":{"rendered":"<p>Prensa quadrada Nagel SP Plus &#8211; Ernst Nagel SP Plus online Aparelho em segunda m\u00e3o A lombada da brochura j\u00e1 cosida ganha o aspeto de uma encaderna\u00e7\u00e3o adesiva de alta qualidade atrav\u00e9s de prensagem. A sua vantagem: A lombada do folheto pode ser impressa. Empilhar, armazenar e embalar torna-se mais f\u00e1cil e economiza espa\u00e7o, as [&hellip;]<\/p>\n","protected":false},"featured_media":87048,"template":"","meta":[],"product_brand":[],"product_cat":[2951],"product_tag":[],"class_list":{"0":"post-88993","1":"product","2":"type-product","3":"status-publish","4":"has-post-thumbnail","6":"product_cat-sistemas-de-producao-de-folhetos","7":"pa_hersteller-ernst-nagel","8":"pa_typ-sp-plus","10":"first","11":"instock","12":"taxable","13":"shipping-taxable","14":"product-type-simple"},"jetpack_sharing_enabled":true,"_links":{"self":[{"href":"https:\/\/www.3p-gmbh.de\/pt-br\/wp-json\/wp\/v2\/product\/88993","targetHints":{"allow":["GET"]}}],"collection":[{"href":"https:\/\/www.3p-gmbh.de\/pt-br\/wp-json\/wp\/v2\/product"}],"about":[{"href":"https:\/\/www.3p-gmbh.de\/pt-br\/wp-json\/wp\/v2\/types\/product"}],"wp:featuredmedia":[{"embeddable":true,"href":"https:\/\/www.3p-gmbh.de\/pt-br\/wp-json\/wp\/v2\/media\/87048"}],"wp:attachment":[{"href":"https:\/\/www.3p-gmbh.de\/pt-br\/wp-json\/wp\/v2\/media?parent=88993"}],"wp:term":[{"taxonomy":"product_brand","embeddable":true,"href":"https:\/\/www.3p-gmbh.de\/pt-br\/wp-json\/wp\/v2\/product_brand?post=88993"},{"taxonomy":"product_cat","embeddable":true,"href":"https:\/\/www.3p-gmbh.de\/pt-br\/wp-json\/wp\/v2\/product_cat?post=88993"},{"taxonomy":"product_tag","embeddable":true,"href":"https:\/\/www.3p-gmbh.de\/pt-br\/wp-json\/wp\/v2\/product_tag?post=88993"}],"curies":[{"name":"wp","href":"https:\/\/api.w.org\/{rel}","templated":true}]}}