{"id":88988,"date":"2023-04-24T09:22:14","date_gmt":"2023-04-24T09:22:14","guid":{"rendered":"https:\/\/www.3p-gmbh.de\/produkt\/aspirador-de-toner-convac-vac-3000-cq\/"},"modified":"2023-12-20T13:49:08","modified_gmt":"2023-12-20T13:49:08","slug":"aspirador-convac-vac-3000-cq-toner","status":"publish","type":"product","link":"https:\/\/www.3p-gmbh.de\/pt-br\/produkt\/aspirador-convac-vac-3000-cq-toner\/","title":{"rendered":"Aspirador de toner Convac VAC 3000 CQ"},"content":{"rendered":"<p><strong>Aspirador de toner Convac VAC 3000 CQ<\/strong><\/p>\n<p><em><strong>\u00c2mbito da entrega<\/strong><\/em><br \/>\nAparelho em segunda m\u00e3o com ficha europeia<br \/>\nBarra curva do snorkel, escova plana para o p\u00f3 e inser\u00e7\u00e3o do filtro de p\u00f3<br \/>\nO aspirador de m\u00e3o port\u00e1til Convac para pequenas part\u00edculas tem uma capacidade de secagem de 4,6 l e uma gama de tens\u00e3o de alimenta\u00e7\u00e3o de 220 V CA a 240 V CA.<br \/>\nEste produto de limpeza \u00e9 utilizado principalmente para aplica\u00e7\u00f5es dom\u00e9sticas.<br \/>\nO sistema de filtragem de alta qualidade tem materiais condutores que tornam a unidade segura e f\u00e1cil de utilizar.<br \/>\nInclui uma vara de snorkel curva, uma escova de p\u00f3 plana, uma escova de p\u00f3 grande e uma vara de snorkel com escova macia.<\/p>\n<p><em><br \/>\n  <strong>Caracter\u00edsticas e vantagens<br \/>\n<\/strong><br \/>\n<\/em>A pot\u00eancia nominal \u00e9 de 800 W<br \/>\nFicha Euro tipo C<\/p>\n<p><em><br \/>\n  <strong>Aplica\u00e7\u00f5es<br \/>\n<\/strong><br \/>\n<\/em>Placas de circuitos impressos<br \/>\nTeclados<br \/>\nCopiadoras<br \/>\nImpressora<\/p>\n<p><em><br \/>\n  <strong>Certifica\u00e7\u00f5es<br \/>\n<\/strong><br \/>\n<\/em>ANSI\/ESD S20.20:2014<br \/>\nBS EN 61340-5-1:2007<\/p>\n<p><em><strong>Dados t\u00e9cnicos<\/strong><\/em><br \/>\nAplica\u00e7\u00e3o para pequenas part\u00edculas<br \/>\nTens\u00e3o de alimenta\u00e7\u00e3o 220 \u2192 240V ac<br \/>\nCom\/sem saco : Sem saco<br \/>\nH\u00famido\/Seco: Seco<br \/>\nCapacidade de secagem: 4,6 L Cartucho Hepa<br \/>\nPot\u00eancia: 800W<\/p>\n","protected":false},"excerpt":{"rendered":"<p>Aspirador de toner Convac VAC 3000 CQ \u00c2mbito da entrega Aparelho em segunda m\u00e3o com ficha europeia Barra curva do snorkel, escova plana para o p\u00f3 e inser\u00e7\u00e3o do filtro de p\u00f3 O aspirador de m\u00e3o port\u00e1til Convac para pequenas part\u00edculas tem uma capacidade de secagem de 4,6 l e uma gama de tens\u00e3o de [&hellip;]<\/p>\n","protected":false},"featured_media":86940,"template":"","meta":[],"product_brand":[],"product_cat":[2877,2974],"product_tag":[],"class_list":{"0":"post-88988","1":"product","2":"type-product","3":"status-publish","4":"has-post-thumbnail","6":"product_cat-equipamento-de-oficina","7":"product_cat-impressao-digital","8":"pa_hersteller-convac","9":"pa_typ-vac-3000-cq","11":"first","12":"instock","13":"taxable","14":"shipping-taxable","15":"product-type-simple"},"jetpack_sharing_enabled":true,"_links":{"self":[{"href":"https:\/\/www.3p-gmbh.de\/pt-br\/wp-json\/wp\/v2\/product\/88988","targetHints":{"allow":["GET"]}}],"collection":[{"href":"https:\/\/www.3p-gmbh.de\/pt-br\/wp-json\/wp\/v2\/product"}],"about":[{"href":"https:\/\/www.3p-gmbh.de\/pt-br\/wp-json\/wp\/v2\/types\/product"}],"wp:featuredmedia":[{"embeddable":true,"href":"https:\/\/www.3p-gmbh.de\/pt-br\/wp-json\/wp\/v2\/media\/86940"}],"wp:attachment":[{"href":"https:\/\/www.3p-gmbh.de\/pt-br\/wp-json\/wp\/v2\/media?parent=88988"}],"wp:term":[{"taxonomy":"product_brand","embeddable":true,"href":"https:\/\/www.3p-gmbh.de\/pt-br\/wp-json\/wp\/v2\/product_brand?post=88988"},{"taxonomy":"product_cat","embeddable":true,"href":"https:\/\/www.3p-gmbh.de\/pt-br\/wp-json\/wp\/v2\/product_cat?post=88988"},{"taxonomy":"product_tag","embeddable":true,"href":"https:\/\/www.3p-gmbh.de\/pt-br\/wp-json\/wp\/v2\/product_tag?post=88988"}],"curies":[{"name":"wp","href":"https:\/\/api.w.org\/{rel}","templated":true}]}}