{"id":88959,"date":"2023-06-13T23:07:24","date_gmt":"2023-06-13T23:07:24","guid":{"rendered":"https:\/\/www.3p-gmbh.de\/produkt\/unidade-movel-de-dobragem-de-quatro-facas-heidelberg-stahlfolder-vf-66\/"},"modified":"2023-12-20T13:48:59","modified_gmt":"2023-12-20T13:48:59","slug":"dobradica-movel-heidelberg-pastas-de-aco-vf-66","status":"publish","type":"product","link":"https:\/\/www.3p-gmbh.de\/pt-br\/produkt\/dobradica-movel-heidelberg-pastas-de-aco-vf-66\/","title":{"rendered":"unidade m\u00f3vel de dobragem de quatro facas Heidelberg Stahlfolder VF-66"},"content":{"rendered":"<p><strong>unidade m\u00f3vel de dobragem de quatro facas Heidelberg Stahlfolder VF-66<\/strong><br \/>\n<strong>Ano de fabrico: cerca de 2008<br \/>\n<\/strong><br \/>\nControlo MCT<br \/>\nComprimento da espada 660 mm<br \/>\nPosi\u00e7\u00e3o da espada topo<br \/>\nAltura da entrada 5095cm<br \/>\nm\u00e1ximo. Formato L 560x L 660cm<br \/>\nmin. Formato L 15x L 10 cm<br \/>\n\u00c9 frequentemente necess\u00e1ria uma esta\u00e7\u00e3o de dobragem adicional na encaderna\u00e7\u00e3o,<br \/>\npara efetuar uma pausa cruzada adicional.<br \/>\nA unidade de dobragem em quatro partes VF 66 \u00e9 adequada para este efeito.<br \/>\nPorque o seu pr\u00f3prio acionamento e a regula\u00e7\u00e3o em altura tornam-na m\u00f3vel e flex\u00edvel de utilizar.<br \/>\nTamb\u00e9m pode processar folhas coladas e dobradas ou seladas em produtos finais com a VF 66.<br \/>\nOs veios de corte (opcionais) a jusante<br \/>\npermitem igualmente efetuar um corte de cabe\u00e7a e de p\u00e9s.<\/p>\n","protected":false},"excerpt":{"rendered":"<p>unidade m\u00f3vel de dobragem de quatro facas Heidelberg Stahlfolder VF-66 Ano de fabrico: cerca de 2008 Controlo MCT Comprimento da espada 660 mm Posi\u00e7\u00e3o da espada topo Altura da entrada 5095cm m\u00e1ximo. Formato L 560x L 660cm min. Formato L 15x L 10 cm \u00c9 frequentemente necess\u00e1ria uma esta\u00e7\u00e3o de dobragem adicional na encaderna\u00e7\u00e3o, para [&hellip;]<\/p>\n","protected":false},"featured_media":87021,"template":"","meta":[],"product_brand":[],"product_cat":[2912],"product_tag":[],"class_list":{"0":"post-88959","1":"product","2":"type-product","3":"status-publish","4":"has-post-thumbnail","6":"product_cat-unidades-de-dobragem","7":"pa_hersteller-heidelberg","8":"pa_typ-vf-66","10":"first","11":"instock","12":"taxable","13":"shipping-taxable","14":"product-type-simple"},"jetpack_sharing_enabled":true,"_links":{"self":[{"href":"https:\/\/www.3p-gmbh.de\/pt-br\/wp-json\/wp\/v2\/product\/88959","targetHints":{"allow":["GET"]}}],"collection":[{"href":"https:\/\/www.3p-gmbh.de\/pt-br\/wp-json\/wp\/v2\/product"}],"about":[{"href":"https:\/\/www.3p-gmbh.de\/pt-br\/wp-json\/wp\/v2\/types\/product"}],"wp:featuredmedia":[{"embeddable":true,"href":"https:\/\/www.3p-gmbh.de\/pt-br\/wp-json\/wp\/v2\/media\/87021"}],"wp:attachment":[{"href":"https:\/\/www.3p-gmbh.de\/pt-br\/wp-json\/wp\/v2\/media?parent=88959"}],"wp:term":[{"taxonomy":"product_brand","embeddable":true,"href":"https:\/\/www.3p-gmbh.de\/pt-br\/wp-json\/wp\/v2\/product_brand?post=88959"},{"taxonomy":"product_cat","embeddable":true,"href":"https:\/\/www.3p-gmbh.de\/pt-br\/wp-json\/wp\/v2\/product_cat?post=88959"},{"taxonomy":"product_tag","embeddable":true,"href":"https:\/\/www.3p-gmbh.de\/pt-br\/wp-json\/wp\/v2\/product_tag?post=88959"}],"curies":[{"name":"wp","href":"https:\/\/api.w.org\/{rel}","templated":true}]}}