{"id":88951,"date":"2023-04-17T12:58:55","date_gmt":"2023-04-17T12:58:55","guid":{"rendered":"https:\/\/www.3p-gmbh.de\/produkt\/gaveta-de-agrafos-para-encadernacao-em-madeira-de-faia\/"},"modified":"2023-12-20T13:48:39","modified_gmt":"2023-12-20T13:48:39","slug":"encadernador-caixa-de-livros-madeira-de-faia","status":"publish","type":"product","link":"https:\/\/www.3p-gmbh.de\/pt-br\/produkt\/encadernador-caixa-de-livros-madeira-de-faia\/","title":{"rendered":"Gaveta de agrafos para encaderna\u00e7\u00e3o em madeira de faia"},"content":{"rendered":"<p><strong>Gaveta de agrafos para encaderna\u00e7\u00e3o em madeira de faia<\/strong><\/p>\n<p>para tensionar os cord\u00f5es de costura ou as fitas de costura na costura manual com linha<\/p>\n<p>Vantagens dos fusos encastrados:<br \/>\n&#8211; trabalho mais f\u00e1cil (pode alcan\u00e7ar melhor os fusos)<br \/>\n&#8211; Podem ser agrafadas mais camadas<\/p>\n","protected":false},"excerpt":{"rendered":"<p>Gaveta de agrafos para encaderna\u00e7\u00e3o em madeira de faia para tensionar os cord\u00f5es de costura ou as fitas de costura na costura manual com linha Vantagens dos fusos encastrados: &#8211; trabalho mais f\u00e1cil (pode alcan\u00e7ar melhor os fusos) &#8211; Podem ser agrafadas mais camadas<\/p>\n","protected":false},"featured_media":86820,"template":"","meta":[],"product_brand":[],"product_cat":[2892],"product_tag":[],"class_list":{"0":"post-88951","1":"product","2":"type-product","3":"status-publish","4":"has-post-thumbnail","6":"product_cat-encadernacao-de-sortido","8":"first","9":"instock","10":"taxable","11":"shipping-taxable","12":"product-type-simple"},"jetpack_sharing_enabled":true,"_links":{"self":[{"href":"https:\/\/www.3p-gmbh.de\/pt-br\/wp-json\/wp\/v2\/product\/88951","targetHints":{"allow":["GET"]}}],"collection":[{"href":"https:\/\/www.3p-gmbh.de\/pt-br\/wp-json\/wp\/v2\/product"}],"about":[{"href":"https:\/\/www.3p-gmbh.de\/pt-br\/wp-json\/wp\/v2\/types\/product"}],"wp:featuredmedia":[{"embeddable":true,"href":"https:\/\/www.3p-gmbh.de\/pt-br\/wp-json\/wp\/v2\/media\/86820"}],"wp:attachment":[{"href":"https:\/\/www.3p-gmbh.de\/pt-br\/wp-json\/wp\/v2\/media?parent=88951"}],"wp:term":[{"taxonomy":"product_brand","embeddable":true,"href":"https:\/\/www.3p-gmbh.de\/pt-br\/wp-json\/wp\/v2\/product_brand?post=88951"},{"taxonomy":"product_cat","embeddable":true,"href":"https:\/\/www.3p-gmbh.de\/pt-br\/wp-json\/wp\/v2\/product_cat?post=88951"},{"taxonomy":"product_tag","embeddable":true,"href":"https:\/\/www.3p-gmbh.de\/pt-br\/wp-json\/wp\/v2\/product_tag?post=88951"}],"curies":[{"name":"wp","href":"https:\/\/api.w.org\/{rel}","templated":true}]}}