{"id":88922,"date":"2023-04-19T09:39:37","date_gmt":"2023-04-19T09:39:37","guid":{"rendered":"https:\/\/www.3p-gmbh.de\/produkt\/ernst-nagel-digi-rillnak-modelo-de-mesa\/"},"modified":"2023-12-20T13:48:18","modified_gmt":"2023-12-20T13:48:18","slug":"modelo-de-mesa-ernst-nagel-digi-rillnak","status":"publish","type":"product","link":"https:\/\/www.3p-gmbh.de\/pt-br\/produkt\/modelo-de-mesa-ernst-nagel-digi-rillnak\/","title":{"rendered":"Ernst NAGEL Digi Rillnak &#8211; modelo de mesa"},"content":{"rendered":"<p><strong>Ernst NAGEL Digi-Rillnak<\/strong><br \/>\n<strong>Intervalos de vinco program\u00e1veis com unidade manual<\/strong><\/p>\n<p>A Digi Crease Creaser vinca os mesmos formatos que a conhecida Auto Creaser, mas \u00e9 &#8220;alimentada&#8221; \u00e0 m\u00e3o.<br \/>\nTal como todos os modelos de vinco, a Digi-Rillnak processa o material &#8220;com a tecnologia comprovada de barra de vinco contra ranhura de vinco.<br \/>\nO material \u00e9 suavemente comprimido durante o processo de vinco, o que evita que a tinta se solte ou que o material se rasgue durante a dobragem.<br \/>\nO Digi-Rillnak \u00e9 vers\u00e1til, tem uma ferramenta de perfura\u00e7\u00e3o de s\u00e9rie e pode ser operado de forma f\u00e1cil e muito r\u00e1pida atrav\u00e9s de um joystick, juntamente com um ecr\u00e3 claro.<\/p>\n<p><em><strong>Dados t\u00e9cnicos<\/strong><\/em><br \/>\ngramagem de papel recomendada: 70 &#8211; 350 g\/m\u00b2<br \/>\nMem\u00f3ria de programas: 9<br \/>\nRanhuras por folha: m\u00e1x. 9<br \/>\nTamanho do papel: m\u00e1x. 630 x 330, min. 140 x 140 mm<br \/>\nVelocidade (folhas\/hora): at\u00e9 4.000<br \/>\nMin. Dist\u00e2ncia de enrugamento 4 mm (a partir do bordo de ataque da folha 25 mm, a partir do bordo de fuga da folha 20 mm)<br \/>\nAcess\u00f3rios faca de perfura\u00e7\u00e3o<br \/>\nfacultativo: perfurador 96\/56\/28\/20 dentes<br \/>\nopcional: suporte<br \/>\nC x A x L (mm) 800 x 500 x 500<br \/>\nPeso l\u00edquido\/embalado (kg): 55\/80<br \/>\nAlimenta\u00e7\u00e3o el\u00e9ctrica: 240 V\/ 50 Hz<\/p>\n","protected":false},"excerpt":{"rendered":"<p>Ernst NAGEL Digi-Rillnak Intervalos de vinco program\u00e1veis com unidade manual A Digi Crease Creaser vinca os mesmos formatos que a conhecida Auto Creaser, mas \u00e9 &#8220;alimentada&#8221; \u00e0 m\u00e3o. Tal como todos os modelos de vinco, a Digi-Rillnak processa o material &#8220;com a tecnologia comprovada de barra de vinco contra ranhura de vinco. O material \u00e9 [&hellip;]<\/p>\n","protected":false},"featured_media":86853,"template":"","meta":[],"product_brand":[],"product_cat":[2962],"product_tag":[],"class_list":{"0":"post-88922","1":"product","2":"type-product","3":"status-publish","4":"has-post-thumbnail","6":"product_cat-maquinas-de-ranhurar-e-de-perfurar","7":"pa_hersteller-ernst-nagel","8":"pa_typ-digi-rillnak","10":"first","11":"instock","12":"taxable","13":"shipping-taxable","14":"product-type-simple"},"jetpack_sharing_enabled":true,"_links":{"self":[{"href":"https:\/\/www.3p-gmbh.de\/pt-br\/wp-json\/wp\/v2\/product\/88922","targetHints":{"allow":["GET"]}}],"collection":[{"href":"https:\/\/www.3p-gmbh.de\/pt-br\/wp-json\/wp\/v2\/product"}],"about":[{"href":"https:\/\/www.3p-gmbh.de\/pt-br\/wp-json\/wp\/v2\/types\/product"}],"wp:featuredmedia":[{"embeddable":true,"href":"https:\/\/www.3p-gmbh.de\/pt-br\/wp-json\/wp\/v2\/media\/86853"}],"wp:attachment":[{"href":"https:\/\/www.3p-gmbh.de\/pt-br\/wp-json\/wp\/v2\/media?parent=88922"}],"wp:term":[{"taxonomy":"product_brand","embeddable":true,"href":"https:\/\/www.3p-gmbh.de\/pt-br\/wp-json\/wp\/v2\/product_brand?post=88922"},{"taxonomy":"product_cat","embeddable":true,"href":"https:\/\/www.3p-gmbh.de\/pt-br\/wp-json\/wp\/v2\/product_cat?post=88922"},{"taxonomy":"product_tag","embeddable":true,"href":"https:\/\/www.3p-gmbh.de\/pt-br\/wp-json\/wp\/v2\/product_tag?post=88922"}],"curies":[{"name":"wp","href":"https:\/\/api.w.org\/{rel}","templated":true}]}}