{"id":88908,"date":"2023-04-21T14:08:21","date_gmt":"2023-04-21T14:08:21","guid":{"rendered":"https:\/\/www.3p-gmbh.de\/produkt\/subpavimento-de-perfuracao-duerselen-corta-verde\/"},"modified":"2023-12-20T13:48:03","modified_gmt":"2023-12-20T13:48:03","slug":"duerselen-corta-drilling-underlay-green","status":"publish","type":"product","link":"https:\/\/www.3p-gmbh.de\/pt-br\/produkt\/duerselen-corta-drilling-underlay-green\/","title":{"rendered":"Subpavimento de perfura\u00e7\u00e3o D\u00fcrselen Corta verde"},"content":{"rendered":"<p><strong>Subpavimento de perfura\u00e7\u00e3o D\u00fcrselen Corta verde<\/strong><\/p>\n","protected":false},"excerpt":{"rendered":"<p>Subpavimento de perfura\u00e7\u00e3o D\u00fcrselen Corta verde<\/p>\n","protected":false},"featured_media":86892,"template":"","meta":[],"product_brand":[],"product_cat":[2958],"product_tag":[],"class_list":{"0":"post-88908","1":"product","2":"type-product","3":"status-publish","4":"has-post-thumbnail","6":"product_cat-brocas-de-papel","8":"first","9":"instock","10":"taxable","11":"shipping-taxable","12":"product-type-simple"},"jetpack_sharing_enabled":true,"_links":{"self":[{"href":"https:\/\/www.3p-gmbh.de\/pt-br\/wp-json\/wp\/v2\/product\/88908","targetHints":{"allow":["GET"]}}],"collection":[{"href":"https:\/\/www.3p-gmbh.de\/pt-br\/wp-json\/wp\/v2\/product"}],"about":[{"href":"https:\/\/www.3p-gmbh.de\/pt-br\/wp-json\/wp\/v2\/types\/product"}],"wp:featuredmedia":[{"embeddable":true,"href":"https:\/\/www.3p-gmbh.de\/pt-br\/wp-json\/wp\/v2\/media\/86892"}],"wp:attachment":[{"href":"https:\/\/www.3p-gmbh.de\/pt-br\/wp-json\/wp\/v2\/media?parent=88908"}],"wp:term":[{"taxonomy":"product_brand","embeddable":true,"href":"https:\/\/www.3p-gmbh.de\/pt-br\/wp-json\/wp\/v2\/product_brand?post=88908"},{"taxonomy":"product_cat","embeddable":true,"href":"https:\/\/www.3p-gmbh.de\/pt-br\/wp-json\/wp\/v2\/product_cat?post=88908"},{"taxonomy":"product_tag","embeddable":true,"href":"https:\/\/www.3p-gmbh.de\/pt-br\/wp-json\/wp\/v2\/product_tag?post=88908"}],"curies":[{"name":"wp","href":"https:\/\/api.w.org\/{rel}","templated":true}]}}