{"id":88896,"date":"2023-04-21T14:28:30","date_gmt":"2023-04-21T14:28:30","guid":{"rendered":"https:\/\/www.3p-gmbh.de\/produkt\/puncao-de-canto-redondo-krause-cinzento\/"},"modified":"2023-12-20T13:47:52","modified_gmt":"2023-12-20T13:47:52","slug":"folho-canto-redondo-perfurado-cinzento","status":"publish","type":"product","link":"https:\/\/www.3p-gmbh.de\/pt-br\/produkt\/folho-canto-redondo-perfurado-cinzento\/","title":{"rendered":"Pun\u00e7\u00e3o de canto redondo Krause cinzento"},"content":{"rendered":"<p><strong>Pun\u00e7\u00e3o de canto redondo Krause cinzento<\/strong><\/p>\n","protected":false},"excerpt":{"rendered":"<p>Pun\u00e7\u00e3o de canto redondo Krause cinzento<\/p>\n","protected":false},"featured_media":86895,"template":"","meta":[],"product_brand":[],"product_cat":[2906],"product_tag":[],"class_list":{"0":"post-88896","1":"product","2":"type-product","3":"status-publish","4":"has-post-thumbnail","6":"product_cat-perfuracao","7":"pa_hersteller-krause","9":"first","10":"instock","11":"taxable","12":"shipping-taxable","13":"product-type-simple"},"jetpack_sharing_enabled":true,"_links":{"self":[{"href":"https:\/\/www.3p-gmbh.de\/pt-br\/wp-json\/wp\/v2\/product\/88896","targetHints":{"allow":["GET"]}}],"collection":[{"href":"https:\/\/www.3p-gmbh.de\/pt-br\/wp-json\/wp\/v2\/product"}],"about":[{"href":"https:\/\/www.3p-gmbh.de\/pt-br\/wp-json\/wp\/v2\/types\/product"}],"wp:featuredmedia":[{"embeddable":true,"href":"https:\/\/www.3p-gmbh.de\/pt-br\/wp-json\/wp\/v2\/media\/86895"}],"wp:attachment":[{"href":"https:\/\/www.3p-gmbh.de\/pt-br\/wp-json\/wp\/v2\/media?parent=88896"}],"wp:term":[{"taxonomy":"product_brand","embeddable":true,"href":"https:\/\/www.3p-gmbh.de\/pt-br\/wp-json\/wp\/v2\/product_brand?post=88896"},{"taxonomy":"product_cat","embeddable":true,"href":"https:\/\/www.3p-gmbh.de\/pt-br\/wp-json\/wp\/v2\/product_cat?post=88896"},{"taxonomy":"product_tag","embeddable":true,"href":"https:\/\/www.3p-gmbh.de\/pt-br\/wp-json\/wp\/v2\/product_tag?post=88896"}],"curies":[{"name":"wp","href":"https:\/\/api.w.org\/{rel}","templated":true}]}}