{"id":88883,"date":"2022-01-28T15:51:47","date_gmt":"2022-01-28T15:51:47","guid":{"rendered":"https:\/\/www.3p-gmbh.de\/produkt\/baumer-hhs-premelter-xmelt-xm-04-2200\/"},"modified":"2022-01-28T15:51:47","modified_gmt":"2022-01-28T15:51:47","slug":"baumer-hhs-premelter-xmelt-xm-04-2200","status":"publish","type":"product","link":"https:\/\/www.3p-gmbh.de\/pt-br\/produkt\/baumer-hhs-premelter-xmelt-xm-04-2200\/","title":{"rendered":"Baumer HHS PreMelter XMelt XM-04-2200"},"content":{"rendered":"<p><strong>Baumer HHS PreMelter Xmelt XM-04-2<\/strong><br \/>\n<strong>a partir de 2009<\/strong><\/p>\n<p>2 mangueiras de aquecimento<br \/>\n1 Codificador rotativo<br \/>\n3 bicos de aplica\u00e7\u00e3o<\/p>\n<p>Cola para cart\u00e3o Eukalin 816 GR<\/p>\n","protected":false},"excerpt":{"rendered":"<p>Baumer HHS PreMelter Xmelt XM-04-2 a partir de 2009 2 mangueiras de aquecimento 1 Codificador rotativo 3 bicos de aplica\u00e7\u00e3o Cola para cart\u00e3o Eukalin 816 GR<\/p>\n","protected":false},"featured_media":83014,"template":"","meta":[],"product_brand":[],"product_cat":[2952],"product_tag":[],"class_list":{"0":"post-88883","1":"product","2":"type-product","3":"status-publish","4":"has-post-thumbnail","6":"product_cat-aglutinante-adesivo","7":"pa_hersteller-baumer-hhs","8":"pa_typ-xm-04-2","10":"first","11":"instock","12":"taxable","13":"shipping-taxable","14":"product-type-simple"},"jetpack_sharing_enabled":true,"_links":{"self":[{"href":"https:\/\/www.3p-gmbh.de\/pt-br\/wp-json\/wp\/v2\/product\/88883","targetHints":{"allow":["GET"]}}],"collection":[{"href":"https:\/\/www.3p-gmbh.de\/pt-br\/wp-json\/wp\/v2\/product"}],"about":[{"href":"https:\/\/www.3p-gmbh.de\/pt-br\/wp-json\/wp\/v2\/types\/product"}],"wp:featuredmedia":[{"embeddable":true,"href":"https:\/\/www.3p-gmbh.de\/pt-br\/wp-json\/wp\/v2\/media\/83014"}],"wp:attachment":[{"href":"https:\/\/www.3p-gmbh.de\/pt-br\/wp-json\/wp\/v2\/media?parent=88883"}],"wp:term":[{"taxonomy":"product_brand","embeddable":true,"href":"https:\/\/www.3p-gmbh.de\/pt-br\/wp-json\/wp\/v2\/product_brand?post=88883"},{"taxonomy":"product_cat","embeddable":true,"href":"https:\/\/www.3p-gmbh.de\/pt-br\/wp-json\/wp\/v2\/product_cat?post=88883"},{"taxonomy":"product_tag","embeddable":true,"href":"https:\/\/www.3p-gmbh.de\/pt-br\/wp-json\/wp\/v2\/product_tag?post=88883"}],"curies":[{"name":"wp","href":"https:\/\/api.w.org\/{rel}","templated":true}]}}