{"id":88881,"date":"2022-02-10T10:12:11","date_gmt":"2022-02-10T10:12:11","guid":{"rendered":"https:\/\/www.3p-gmbh.de\/produkt\/matrix-530-laminador-termico-para-pelicula-opp-ate-50-microns-din-a2-largura-de-trabalho-max-500-mm\/"},"modified":"2022-02-10T10:12:11","modified_gmt":"2022-02-10T10:12:11","slug":"matrix-530-thermo-laminator-for-opp-film-up-to-50-micron-din-a2-max-500-mm-working-width","status":"publish","type":"product","link":"https:\/\/www.3p-gmbh.de\/pt-br\/produkt\/matrix-530-thermo-laminator-for-opp-film-up-to-50-micron-din-a2-max-500-mm-working-width\/","title":{"rendered":"Matrix 530 &#8211; Laminador t\u00e9rmico para pel\u00edcula OPP at\u00e9 50 microns DIN A2 (largura de trabalho m\u00e1x. 500 mm)"},"content":{"rendered":"<p><strong>Matriz 530<\/strong><br \/>\n<strong>Laminador t\u00e9rmico para pel\u00edcula OPP at\u00e9 50 microns<\/strong><br \/>\n<strong>DIN A2 (largura de trabalho m\u00e1x. 500 mm)<\/strong><\/p>\n<p>A Matrix 530 \u00e9 ideal para o sector das lojas de impress\u00e3o com as suas elevadas exig\u00eancias de qualidade. Os rolos de pel\u00edcula s\u00e3o f\u00e1ceis e simples de mudar &#8211; tamb\u00e9m podem ser utilizados rolos de pel\u00edcula OPP de 1.000 m. O Matrix 530 est\u00e1 em conformidade com a norma europeia CE relativa \u00e0 seguran\u00e7a dos produtos.<\/p>\n<p>Velocidade vari\u00e1vel (- 10 m\/min.)<br \/>\ne temperatura regul\u00e1vel (0 &#8211; 140\u00b0 C).<br \/>\nTempos de aquecimento curtos (aprox. 15-20 min.)<br \/>\nLamina\u00e7\u00e3o t\u00e9rmica de uma face com pel\u00edcula OPP de 23-50 microns<br \/>\n1.000 m de rolos de pel\u00edcula OPP utiliz\u00e1veis<br \/>\nEspessura do papel 1 face: 135-500 g\/m\u00b2, 2 faces (2 passos de trabalho) a partir de 70 g\/m\u00b2<br \/>\nBarra anti-ondas para um nivelamento perfeito com lamina\u00e7\u00e3o t\u00e9rmica de 1 lado<br \/>\nPedal<br \/>\nFun\u00e7\u00e3o de retorno<br \/>\nEcr\u00e3 digital<br \/>\nAlimenta\u00e7\u00e3o de papel semi-autom\u00e1tica com alinhamento autom\u00e1tico, alimenta\u00e7\u00e3o de folhas e sobreposi\u00e7\u00e3o<br \/>\nFun\u00e7\u00e3o de separa\u00e7\u00e3o do papel: perfura\u00e7\u00e3o e separa\u00e7\u00e3o autom\u00e1tica<br \/>\nTabuleiro de recolha ajust\u00e1vel para impress\u00f5es acabadas<br \/>\nParar o contacto de seguran\u00e7a na tampa de prote\u00e7\u00e3o<br \/>\nInterruptor de DESLIGAMENTO DE EMERG\u00caNCIA<br \/>\nCapa de p\u00f3<br \/>\nincl. Suporte est\u00e1vel e espa\u00e7o de armazenamento<br \/>\nOpcional: Bra\u00e7o de corte (para corte individual da largura da pel\u00edcula OPP)<\/p>\n<p>Dados t\u00e9cnicos:<br \/>\nDi\u00e2metro do n\u00facleo do rolo: 57 + 76 mm<br \/>\nTemperatura de funcionamento: 0-140 \u00b0C<br \/>\nEspessura da pel\u00edcula: pel\u00edcula OPP de 23-50 microns<\/p>\n<p>&nbsp;<\/p>\n<table width=\"500\">\n<tbody>\n<tr>\n<td>\n<table width=\"500\">\n<tbody>\n<tr>\n<td colspan=\"2\"><strong>Propriedades do artigo:<\/strong><\/td>\n<\/tr>\n<tr>\n<td>M\u00e1ximo. Largura de trabalho<\/td>\n<td>500 mm<\/td>\n<\/tr>\n<tr>\n<td>Lamina\u00e7\u00e3o t\u00e9rmica<\/td>\n<td>Pel\u00edcula OPP de 23-50 microns<\/td>\n<\/tr>\n<tr>\n<td>Velocidade<\/td>\n<td>vari\u00e1vel &#8211; 10 m\/min.<\/td>\n<\/tr>\n<tr>\n<td>Inverter<\/td>\n<td>Sim<\/td>\n<\/tr>\n<tr>\n<td>Ecr\u00e3 digital<\/td>\n<td>Sim<\/td>\n<\/tr>\n<tr>\n<td>Tempo de aquecimento<\/td>\n<td>aprox. 15 &#8211; 20 min.<\/td>\n<\/tr>\n<tr>\n<td>Lamina\u00e7\u00e3o a frio<\/td>\n<td>N\u00e3o<\/td>\n<\/tr>\n<tr>\n<td>Segundas-feiras<\/td>\n<td>N\u00e3o<\/td>\n<\/tr>\n<\/tbody>\n<\/table>\n<\/td>\n<\/tr>\n<\/tbody>\n<\/table>\n","protected":false},"excerpt":{"rendered":"<p>Matriz 530 Laminador t\u00e9rmico para pel\u00edcula OPP at\u00e9 50 microns DIN A2 (largura de trabalho m\u00e1x. 500 mm) A Matrix 530 \u00e9 ideal para o sector das lojas de impress\u00e3o com as suas elevadas exig\u00eancias de qualidade. Os rolos de pel\u00edcula s\u00e3o f\u00e1ceis e simples de mudar &#8211; tamb\u00e9m podem ser utilizados rolos de pel\u00edcula [&hellip;]<\/p>\n","protected":false},"featured_media":83113,"template":"","meta":[],"product_brand":[],"product_cat":[2950],"product_tag":[],"class_list":{"0":"post-88881","1":"product","2":"type-product","3":"status-publish","4":"has-post-thumbnail","6":"product_cat-maquinas-de-laminagem","7":"pa_hersteller-matrix","8":"pa_typ-2360","10":"first","11":"instock","12":"taxable","13":"shipping-taxable","14":"product-type-simple"},"jetpack_sharing_enabled":true,"_links":{"self":[{"href":"https:\/\/www.3p-gmbh.de\/pt-br\/wp-json\/wp\/v2\/product\/88881","targetHints":{"allow":["GET"]}}],"collection":[{"href":"https:\/\/www.3p-gmbh.de\/pt-br\/wp-json\/wp\/v2\/product"}],"about":[{"href":"https:\/\/www.3p-gmbh.de\/pt-br\/wp-json\/wp\/v2\/types\/product"}],"wp:featuredmedia":[{"embeddable":true,"href":"https:\/\/www.3p-gmbh.de\/pt-br\/wp-json\/wp\/v2\/media\/83113"}],"wp:attachment":[{"href":"https:\/\/www.3p-gmbh.de\/pt-br\/wp-json\/wp\/v2\/media?parent=88881"}],"wp:term":[{"taxonomy":"product_brand","embeddable":true,"href":"https:\/\/www.3p-gmbh.de\/pt-br\/wp-json\/wp\/v2\/product_brand?post=88881"},{"taxonomy":"product_cat","embeddable":true,"href":"https:\/\/www.3p-gmbh.de\/pt-br\/wp-json\/wp\/v2\/product_cat?post=88881"},{"taxonomy":"product_tag","embeddable":true,"href":"https:\/\/www.3p-gmbh.de\/pt-br\/wp-json\/wp\/v2\/product_tag?post=88881"}],"curies":[{"name":"wp","href":"https:\/\/api.w.org\/{rel}","templated":true}]}}