{"id":88876,"date":"2022-02-10T15:19:18","date_gmt":"2022-02-10T15:19:18","guid":{"rendered":"https:\/\/www.3p-gmbh.de\/produkt\/armazenamento-de-materias-perigosas-denios-pse-4-450-litros\/"},"modified":"2022-02-10T15:19:18","modified_gmt":"2022-02-10T15:19:18","slug":"armazenamento-de-materias-perigosas-denios-pse-4-450-litros","status":"publish","type":"product","link":"https:\/\/www.3p-gmbh.de\/pt-br\/produkt\/armazenamento-de-materias-perigosas-denios-pse-4-450-litros\/","title":{"rendered":"Armazenamento de mat\u00e9rias perigosas Denios PSE-4 450 litros"},"content":{"rendered":"<p><strong>Armazenamento de mat\u00e9rias perigosas Denios PSE-4 450 litros<\/strong><\/p>\n<p>Espa\u00e7o de arruma\u00e7\u00e3o integrado<br \/>\nVolume de recolha 450 l<br \/>\nMaterial polietileno (PE)<br \/>\nCapacidade KTC\/IBC1<br \/>\nMaterial da prateleira Polietileno (PE)<br \/>\nSubestrutura com p\u00e9s de apoio, desloc\u00e1vel por empilhador<br \/>\nCapacidade de carga 1250 kg<\/p>\n<p>Aprova\u00e7\u00f5es Autoriza\u00e7\u00e3o de controlo de constru\u00e7\u00e3o (DIBt)<br \/>\nClassifica\u00e7\u00e3o dos l\u00edquidos poluentes da \u00e1gua agudos, cr\u00f3nicos GHS 1, cr\u00f3nicos GHS 2, cr\u00f3nicos GHS 3, cr\u00f3nicos GHS 4<br \/>\nClassifica\u00e7\u00e3o de acordo com GefStoffV\/BetrSichVA Corrosivo para os metais, corrosivo para a pele, provoca les\u00f5es oculares graves.<br \/>\nCor azul<\/p>\n","protected":false},"excerpt":{"rendered":"<p>Armazenamento de mat\u00e9rias perigosas Denios PSE-4 450 litros Espa\u00e7o de arruma\u00e7\u00e3o integrado Volume de recolha 450 l Material polietileno (PE) Capacidade KTC\/IBC1 Material da prateleira Polietileno (PE) Subestrutura com p\u00e9s de apoio, desloc\u00e1vel por empilhador Capacidade de carga 1250 kg Aprova\u00e7\u00f5es Autoriza\u00e7\u00e3o de controlo de constru\u00e7\u00e3o (DIBt) Classifica\u00e7\u00e3o dos l\u00edquidos poluentes da \u00e1gua agudos, cr\u00f3nicos [&hellip;]<\/p>\n","protected":false},"featured_media":83119,"template":"","meta":[],"product_brand":[],"product_cat":[2942],"product_tag":[],"class_list":{"0":"post-88876","1":"product","2":"type-product","3":"status-publish","4":"has-post-thumbnail","6":"product_cat-outras-maquinas-e-equipamentos","7":"pa_hersteller-denios","9":"first","10":"instock","11":"taxable","12":"shipping-taxable","13":"product-type-simple"},"jetpack_sharing_enabled":true,"_links":{"self":[{"href":"https:\/\/www.3p-gmbh.de\/pt-br\/wp-json\/wp\/v2\/product\/88876","targetHints":{"allow":["GET"]}}],"collection":[{"href":"https:\/\/www.3p-gmbh.de\/pt-br\/wp-json\/wp\/v2\/product"}],"about":[{"href":"https:\/\/www.3p-gmbh.de\/pt-br\/wp-json\/wp\/v2\/types\/product"}],"wp:featuredmedia":[{"embeddable":true,"href":"https:\/\/www.3p-gmbh.de\/pt-br\/wp-json\/wp\/v2\/media\/83119"}],"wp:attachment":[{"href":"https:\/\/www.3p-gmbh.de\/pt-br\/wp-json\/wp\/v2\/media?parent=88876"}],"wp:term":[{"taxonomy":"product_brand","embeddable":true,"href":"https:\/\/www.3p-gmbh.de\/pt-br\/wp-json\/wp\/v2\/product_brand?post=88876"},{"taxonomy":"product_cat","embeddable":true,"href":"https:\/\/www.3p-gmbh.de\/pt-br\/wp-json\/wp\/v2\/product_cat?post=88876"},{"taxonomy":"product_tag","embeddable":true,"href":"https:\/\/www.3p-gmbh.de\/pt-br\/wp-json\/wp\/v2\/product_tag?post=88876"}],"curies":[{"name":"wp","href":"https:\/\/api.w.org\/{rel}","templated":true}]}}