{"id":88871,"date":"2022-02-10T14:59:04","date_gmt":"2022-02-10T14:59:04","guid":{"rendered":"https:\/\/www.3p-gmbh.de\/produkt\/armazenamento-de-materiais-perigosos-denios-ibc-station-1000-litros\/"},"modified":"2022-02-10T14:59:04","modified_gmt":"2022-02-10T14:59:04","slug":"armazenamento-de-materias-perigosas-denios-ibc-station-1000-litros","status":"publish","type":"product","link":"https:\/\/www.3p-gmbh.de\/pt-br\/produkt\/armazenamento-de-materias-perigosas-denios-ibc-station-1000-litros\/","title":{"rendered":"Armazenamento de materiais perigosos Denios IBC Station 1000 litros"},"content":{"rendered":"<p><strong>Esta\u00e7\u00e3o IBC Denios para 1000 Lite<\/strong><\/p>\n<p>Denios IBC station S em PE &#8211; para um armazenamento \u00f3timo de l\u00edquidos perigosos<br \/>\nideal para armazenar contentores de 1.000 litros ou contentores mais pequenos,<br \/>\nPara um armazenamento \u00f3timo de v\u00e1rios \u00e1cidos e \u00e1lcalis, bem como de \u00f3leos<br \/>\ne produtos qu\u00edmicos de limpeza n\u00e3o inflam\u00e1veis<\/p>\n<p>Espa\u00e7o de arruma\u00e7\u00e3o integrado<br \/>\nVolume de recolha 1000 l<br \/>\nLocal de armazenamento sob o teto<br \/>\nAltura 860 mm<br \/>\nLargura 1280 mm<br \/>\nComprimento 1660 mm<br \/>\nMaterial polietileno (PE)<br \/>\nCapacidade KTC\/IBC1<br \/>\nMaterial da prateleira Polietileno (PE)<br \/>\nSubestrutura com p\u00e9s de apoio, desloc\u00e1vel por empilhador<br \/>\nCapacidade de carga 2000 kg<\/p>\n<p>Aprova\u00e7\u00f5es Autoriza\u00e7\u00e3o de controlo de constru\u00e7\u00e3o (DIBt)<br \/>\nClassifica\u00e7\u00e3o dos l\u00edquidos poluentes da \u00e1gua agudos, cr\u00f3nicos GHS 1, cr\u00f3nicos GHS 2, cr\u00f3nicos GHS 3, cr\u00f3nicos GHS 4<br \/>\nClassifica\u00e7\u00e3o de acordo com GefStoffV\/BetrSichVA Corrosivo para os metais, corrosivo para a pele, provoca les\u00f5es oculares graves.<br \/>\nCor azul<\/p>\n","protected":false},"excerpt":{"rendered":"<p>Esta\u00e7\u00e3o IBC Denios para 1000 Lite Denios IBC station S em PE &#8211; para um armazenamento \u00f3timo de l\u00edquidos perigosos ideal para armazenar contentores de 1.000 litros ou contentores mais pequenos, Para um armazenamento \u00f3timo de v\u00e1rios \u00e1cidos e \u00e1lcalis, bem como de \u00f3leos e produtos qu\u00edmicos de limpeza n\u00e3o inflam\u00e1veis Espa\u00e7o de arruma\u00e7\u00e3o integrado [&hellip;]<\/p>\n","protected":false},"featured_media":83119,"template":"","meta":[],"product_brand":[],"product_cat":[2942],"product_tag":[],"class_list":{"0":"post-88871","1":"product","2":"type-product","3":"status-publish","4":"has-post-thumbnail","6":"product_cat-outras-maquinas-e-equipamentos","7":"pa_hersteller-denios","9":"first","10":"instock","11":"taxable","12":"shipping-taxable","13":"product-type-simple"},"jetpack_sharing_enabled":true,"_links":{"self":[{"href":"https:\/\/www.3p-gmbh.de\/pt-br\/wp-json\/wp\/v2\/product\/88871","targetHints":{"allow":["GET"]}}],"collection":[{"href":"https:\/\/www.3p-gmbh.de\/pt-br\/wp-json\/wp\/v2\/product"}],"about":[{"href":"https:\/\/www.3p-gmbh.de\/pt-br\/wp-json\/wp\/v2\/types\/product"}],"wp:featuredmedia":[{"embeddable":true,"href":"https:\/\/www.3p-gmbh.de\/pt-br\/wp-json\/wp\/v2\/media\/83119"}],"wp:attachment":[{"href":"https:\/\/www.3p-gmbh.de\/pt-br\/wp-json\/wp\/v2\/media?parent=88871"}],"wp:term":[{"taxonomy":"product_brand","embeddable":true,"href":"https:\/\/www.3p-gmbh.de\/pt-br\/wp-json\/wp\/v2\/product_brand?post=88871"},{"taxonomy":"product_cat","embeddable":true,"href":"https:\/\/www.3p-gmbh.de\/pt-br\/wp-json\/wp\/v2\/product_cat?post=88871"},{"taxonomy":"product_tag","embeddable":true,"href":"https:\/\/www.3p-gmbh.de\/pt-br\/wp-json\/wp\/v2\/product_tag?post=88871"}],"curies":[{"name":"wp","href":"https:\/\/api.w.org\/{rel}","templated":true}]}}