{"id":88865,"date":"2022-01-28T16:06:13","date_gmt":"2022-01-28T16:06:13","guid":{"rendered":"https:\/\/www.3p-gmbh.de\/produkt\/entrega-vertical-de-folhas-heidelberg-stahlfolder-sbp-66-h-mke-ve\/"},"modified":"2022-01-28T16:06:13","modified_gmt":"2022-01-28T16:06:13","slug":"pasta-de-aco-sbp-66-h-mke-ve","status":"publish","type":"product","link":"https:\/\/www.3p-gmbh.de\/pt-br\/produkt\/pasta-de-aco-sbp-66-h-mke-ve\/","title":{"rendered":"Entrega vertical de folhas Heidelberg Stahlfolder SBP 66 H + MKE + VE"},"content":{"rendered":"<p><strong>Entrega vertical de folhas Heidelberg Stahlfolder SBP 66 H + MKE + VE<\/strong><br \/>\n<strong>a partir de 2006<\/strong><\/p>\n<p>m\u00e1ximo. Largura de entrada 660 mm<br \/>\n&#8211; Controlo MCT<br \/>\n&#8211; com dispositivo de marca\u00e7\u00e3o<br \/>\n&#8211; com unidade de transfer\u00eancia de folhas guiada por correia<\/p>\n","protected":false},"excerpt":{"rendered":"<p>Entrega vertical de folhas Heidelberg Stahlfolder SBP 66 H + MKE + VE a partir de 2006 m\u00e1ximo. Largura de entrada 660 mm &#8211; Controlo MCT &#8211; com dispositivo de marca\u00e7\u00e3o &#8211; com unidade de transfer\u00eancia de folhas guiada por correia<\/p>\n","protected":false},"featured_media":83062,"template":"","meta":[],"product_brand":[],"product_cat":[2919],"product_tag":[],"class_list":{"0":"post-88865","1":"product","2":"type-product","3":"status-publish","4":"has-post-thumbnail","6":"product_cat-despesas","7":"pa_hersteller-heidelberg-stahlfolder","8":"pa_typ-sbp-66-h-mke-ve","10":"first","11":"instock","12":"taxable","13":"shipping-taxable","14":"product-type-simple"},"jetpack_sharing_enabled":true,"_links":{"self":[{"href":"https:\/\/www.3p-gmbh.de\/pt-br\/wp-json\/wp\/v2\/product\/88865","targetHints":{"allow":["GET"]}}],"collection":[{"href":"https:\/\/www.3p-gmbh.de\/pt-br\/wp-json\/wp\/v2\/product"}],"about":[{"href":"https:\/\/www.3p-gmbh.de\/pt-br\/wp-json\/wp\/v2\/types\/product"}],"wp:featuredmedia":[{"embeddable":true,"href":"https:\/\/www.3p-gmbh.de\/pt-br\/wp-json\/wp\/v2\/media\/83062"}],"wp:attachment":[{"href":"https:\/\/www.3p-gmbh.de\/pt-br\/wp-json\/wp\/v2\/media?parent=88865"}],"wp:term":[{"taxonomy":"product_brand","embeddable":true,"href":"https:\/\/www.3p-gmbh.de\/pt-br\/wp-json\/wp\/v2\/product_brand?post=88865"},{"taxonomy":"product_cat","embeddable":true,"href":"https:\/\/www.3p-gmbh.de\/pt-br\/wp-json\/wp\/v2\/product_cat?post=88865"},{"taxonomy":"product_tag","embeddable":true,"href":"https:\/\/www.3p-gmbh.de\/pt-br\/wp-json\/wp\/v2\/product_tag?post=88865"}],"curies":[{"name":"wp","href":"https:\/\/api.w.org\/{rel}","templated":true}]}}