{"id":88851,"date":"2022-04-30T21:11:33","date_gmt":"2022-04-30T21:11:33","guid":{"rendered":"https:\/\/www.3p-gmbh.de\/produkt\/imprensa-litografica-do-patrimonio-cultural-da-quev-co-erfurt\/"},"modified":"2022-04-30T21:11:33","modified_gmt":"2022-04-30T21:11:33","slug":"kulturgut-steindruckpresse-von-quev-co-erfurt","status":"publish","type":"product","link":"https:\/\/www.3p-gmbh.de\/pt-br\/produkt\/kulturgut-steindruckpresse-von-quev-co-erfurt\/","title":{"rendered":"Imprensa litogr\u00e1fica do patrim\u00f3nio cultural da Quev &amp; Co. Erfurt"},"content":{"rendered":"<p><strong>Imprensa litogr\u00e1fica do patrim\u00f3nio cultural da Quev &amp; Co. Erfurt<\/strong><\/p>\n","protected":false},"excerpt":{"rendered":"<p>Imprensa litogr\u00e1fica do patrim\u00f3nio cultural da Quev &amp; Co. Erfurt<\/p>\n","protected":false},"featured_media":83281,"template":"","meta":[],"product_brand":[],"product_cat":[2922],"product_tag":[],"class_list":{"0":"post-88851","1":"product","2":"type-product","3":"status-publish","4":"has-post-thumbnail","6":"product_cat-prensas","8":"first","9":"instock","10":"taxable","11":"shipping-taxable","12":"product-type-simple"},"jetpack_sharing_enabled":true,"_links":{"self":[{"href":"https:\/\/www.3p-gmbh.de\/pt-br\/wp-json\/wp\/v2\/product\/88851","targetHints":{"allow":["GET"]}}],"collection":[{"href":"https:\/\/www.3p-gmbh.de\/pt-br\/wp-json\/wp\/v2\/product"}],"about":[{"href":"https:\/\/www.3p-gmbh.de\/pt-br\/wp-json\/wp\/v2\/types\/product"}],"wp:featuredmedia":[{"embeddable":true,"href":"https:\/\/www.3p-gmbh.de\/pt-br\/wp-json\/wp\/v2\/media\/83281"}],"wp:attachment":[{"href":"https:\/\/www.3p-gmbh.de\/pt-br\/wp-json\/wp\/v2\/media?parent=88851"}],"wp:term":[{"taxonomy":"product_brand","embeddable":true,"href":"https:\/\/www.3p-gmbh.de\/pt-br\/wp-json\/wp\/v2\/product_brand?post=88851"},{"taxonomy":"product_cat","embeddable":true,"href":"https:\/\/www.3p-gmbh.de\/pt-br\/wp-json\/wp\/v2\/product_cat?post=88851"},{"taxonomy":"product_tag","embeddable":true,"href":"https:\/\/www.3p-gmbh.de\/pt-br\/wp-json\/wp\/v2\/product_tag?post=88851"}],"curies":[{"name":"wp","href":"https:\/\/api.w.org\/{rel}","templated":true}]}}