{"id":88849,"date":"2022-04-30T20:52:11","date_gmt":"2022-04-30T20:52:11","guid":{"rendered":"https:\/\/www.3p-gmbh.de\/produkt\/desitometro-de-placa-de-impressao-vipcam-116\/"},"modified":"2022-04-30T20:52:11","modified_gmt":"2022-04-30T20:52:11","slug":"desitometro-de-placa-de-pressao-vipcam-116","status":"publish","type":"product","link":"https:\/\/www.3p-gmbh.de\/pt-br\/produkt\/desitometro-de-placa-de-pressao-vipcam-116\/","title":{"rendered":"Desit\u00f3metro de placa de impress\u00e3o Vipcam 116"},"content":{"rendered":"<p><strong>Desit\u00f3metro de placa de impress\u00e3o Vipcam 116<\/strong><\/p>\n","protected":false},"excerpt":{"rendered":"<p>Desit\u00f3metro de placa de impress\u00e3o Vipcam 116<\/p>\n","protected":false},"featured_media":124923,"template":"","meta":[],"product_brand":[],"product_cat":[2931],"product_tag":[],"class_list":{"0":"post-88849","1":"product","2":"type-product","3":"status-publish","4":"has-post-thumbnail","6":"product_cat-instrumentos-de-medicao-e-garantia-de-qualidade","8":"first","9":"instock","10":"taxable","11":"shipping-taxable","12":"product-type-simple"},"jetpack_sharing_enabled":true,"_links":{"self":[{"href":"https:\/\/www.3p-gmbh.de\/pt-br\/wp-json\/wp\/v2\/product\/88849","targetHints":{"allow":["GET"]}}],"collection":[{"href":"https:\/\/www.3p-gmbh.de\/pt-br\/wp-json\/wp\/v2\/product"}],"about":[{"href":"https:\/\/www.3p-gmbh.de\/pt-br\/wp-json\/wp\/v2\/types\/product"}],"wp:featuredmedia":[{"embeddable":true,"href":"https:\/\/www.3p-gmbh.de\/pt-br\/wp-json\/wp\/v2\/media\/124923"}],"wp:attachment":[{"href":"https:\/\/www.3p-gmbh.de\/pt-br\/wp-json\/wp\/v2\/media?parent=88849"}],"wp:term":[{"taxonomy":"product_brand","embeddable":true,"href":"https:\/\/www.3p-gmbh.de\/pt-br\/wp-json\/wp\/v2\/product_brand?post=88849"},{"taxonomy":"product_cat","embeddable":true,"href":"https:\/\/www.3p-gmbh.de\/pt-br\/wp-json\/wp\/v2\/product_cat?post=88849"},{"taxonomy":"product_tag","embeddable":true,"href":"https:\/\/www.3p-gmbh.de\/pt-br\/wp-json\/wp\/v2\/product_tag?post=88849"}],"curies":[{"name":"wp","href":"https:\/\/api.w.org\/{rel}","templated":true}]}}