{"id":88837,"date":"2022-04-30T22:23:33","date_gmt":"2022-04-30T22:23:33","guid":{"rendered":"https:\/\/www.3p-gmbh.de\/produkt\/bomba-de-vacuo-de-palhetas-rotativas-becker-kvt-3-140\/"},"modified":"2022-04-30T22:23:33","modified_gmt":"2022-04-30T22:23:33","slug":"bomba-de-vacuo-de-palhetas-rotativas-becker-kvt-3-140","status":"publish","type":"product","link":"https:\/\/www.3p-gmbh.de\/pt-br\/produkt\/bomba-de-vacuo-de-palhetas-rotativas-becker-kvt-3-140\/","title":{"rendered":"Bomba de v\u00e1cuo de palhetas rotativas Becker KVT 3.140"},"content":{"rendered":"<p><strong>bomba de v\u00e1cuo de palhetas rotativas de funcionamento a seco Becker KVT 3.140<\/strong><br \/>\n<strong>Bj. Pequena corrida em 2006<\/strong><br \/>\nt\u00e9cnica. Dados na placa de identifica\u00e7\u00e3o<\/p>\n","protected":false},"excerpt":{"rendered":"<p>bomba de v\u00e1cuo de palhetas rotativas de funcionamento a seco Becker KVT 3.140 Bj. Pequena corrida em 2006 t\u00e9cnica. Dados na placa de identifica\u00e7\u00e3o<\/p>\n","protected":false},"featured_media":83299,"template":"","meta":[],"product_brand":[],"product_cat":[2927],"product_tag":[],"class_list":{"0":"post-88837","1":"product","2":"type-product","3":"status-publish","4":"has-post-thumbnail","6":"product_cat-compressores-e-bombas-de-vacuo","7":"pa_hersteller-becker","8":"pa_typ-kvt-3-140","10":"first","11":"instock","12":"taxable","13":"shipping-taxable","14":"product-type-simple"},"jetpack_sharing_enabled":true,"_links":{"self":[{"href":"https:\/\/www.3p-gmbh.de\/pt-br\/wp-json\/wp\/v2\/product\/88837","targetHints":{"allow":["GET"]}}],"collection":[{"href":"https:\/\/www.3p-gmbh.de\/pt-br\/wp-json\/wp\/v2\/product"}],"about":[{"href":"https:\/\/www.3p-gmbh.de\/pt-br\/wp-json\/wp\/v2\/types\/product"}],"wp:featuredmedia":[{"embeddable":true,"href":"https:\/\/www.3p-gmbh.de\/pt-br\/wp-json\/wp\/v2\/media\/83299"}],"wp:attachment":[{"href":"https:\/\/www.3p-gmbh.de\/pt-br\/wp-json\/wp\/v2\/media?parent=88837"}],"wp:term":[{"taxonomy":"product_brand","embeddable":true,"href":"https:\/\/www.3p-gmbh.de\/pt-br\/wp-json\/wp\/v2\/product_brand?post=88837"},{"taxonomy":"product_cat","embeddable":true,"href":"https:\/\/www.3p-gmbh.de\/pt-br\/wp-json\/wp\/v2\/product_cat?post=88837"},{"taxonomy":"product_tag","embeddable":true,"href":"https:\/\/www.3p-gmbh.de\/pt-br\/wp-json\/wp\/v2\/product_tag?post=88837"}],"curies":[{"name":"wp","href":"https:\/\/api.w.org\/{rel}","templated":true}]}}