{"id":88834,"date":"2022-05-28T16:52:55","date_gmt":"2022-05-28T16:52:55","guid":{"rendered":"https:\/\/www.3p-gmbh.de\/produkt\/correia-de-distribuicao-movel-adequada-para-as-maquinas-de-coser-a-arame-heidelberg-stitchmaster-st-350-st-400-e-st-500\/"},"modified":"2022-05-28T16:52:55","modified_gmt":"2022-05-28T16:52:55","slug":"as-new-shed-display-for-heidelberg-saddle-stitch-master-st-350-or-st-400","status":"publish","type":"product","link":"https:\/\/www.3p-gmbh.de\/pt-br\/produkt\/as-new-shed-display-for-heidelberg-saddle-stitch-master-st-350-or-st-400\/","title":{"rendered":"Correia de distribui\u00e7\u00e3o m\u00f3vel adequada para as m\u00e1quinas de coser a arame Heidelberg Stitchmaster ST 350 , ST 400 e ST 500"},"content":{"rendered":"<p><strong>Correia de distribui\u00e7\u00e3o m\u00f3vel adequada para as m\u00e1quinas de coser a arame Heidelberg Stitchmaster ST 350 , ST 400 e ST 500<\/strong><\/p>\n","protected":false},"excerpt":{"rendered":"<p>Correia de distribui\u00e7\u00e3o m\u00f3vel adequada para as m\u00e1quinas de coser a arame Heidelberg Stitchmaster ST 350 , ST 400 e ST 500<\/p>\n","protected":false},"featured_media":83704,"template":"","meta":[],"product_brand":[],"product_cat":[2919],"product_tag":[],"class_list":{"0":"post-88834","1":"product","2":"type-product","3":"status-publish","4":"has-post-thumbnail","6":"product_cat-despesas","8":"first","9":"instock","10":"taxable","11":"shipping-taxable","12":"product-type-simple"},"jetpack_sharing_enabled":true,"_links":{"self":[{"href":"https:\/\/www.3p-gmbh.de\/pt-br\/wp-json\/wp\/v2\/product\/88834","targetHints":{"allow":["GET"]}}],"collection":[{"href":"https:\/\/www.3p-gmbh.de\/pt-br\/wp-json\/wp\/v2\/product"}],"about":[{"href":"https:\/\/www.3p-gmbh.de\/pt-br\/wp-json\/wp\/v2\/types\/product"}],"wp:featuredmedia":[{"embeddable":true,"href":"https:\/\/www.3p-gmbh.de\/pt-br\/wp-json\/wp\/v2\/media\/83704"}],"wp:attachment":[{"href":"https:\/\/www.3p-gmbh.de\/pt-br\/wp-json\/wp\/v2\/media?parent=88834"}],"wp:term":[{"taxonomy":"product_brand","embeddable":true,"href":"https:\/\/www.3p-gmbh.de\/pt-br\/wp-json\/wp\/v2\/product_brand?post=88834"},{"taxonomy":"product_cat","embeddable":true,"href":"https:\/\/www.3p-gmbh.de\/pt-br\/wp-json\/wp\/v2\/product_cat?post=88834"},{"taxonomy":"product_tag","embeddable":true,"href":"https:\/\/www.3p-gmbh.de\/pt-br\/wp-json\/wp\/v2\/product_tag?post=88834"}],"curies":[{"name":"wp","href":"https:\/\/api.w.org\/{rel}","templated":true}]}}