{"id":88830,"date":"2022-05-28T16:48:06","date_gmt":"2022-05-28T16:48:06","guid":{"rendered":"https:\/\/www.3p-gmbh.de\/produkt\/armazenamento-de-materiais-perigosos-estacao-de-materiais-perigosos-galvanizada-a-quente-stw-2vb\/"},"modified":"2022-05-28T16:48:06","modified_gmt":"2022-05-28T16:48:06","slug":"armazenamento-de-materiais-perigosos-estacao-de-materiais-perigosos-galvanizado-por-imersao-a-quente-stw-2vb","status":"publish","type":"product","link":"https:\/\/www.3p-gmbh.de\/pt-br\/produkt\/armazenamento-de-materiais-perigosos-estacao-de-materiais-perigosos-galvanizado-por-imersao-a-quente-stw-2vb\/","title":{"rendered":"Armazenamento de materiais perigosos &#8211; Esta\u00e7\u00e3o de materiais perigosos, galvanizada a quente STW-2VB"},"content":{"rendered":"<p><strong>Armazenamento de materiais perigosos &#8211; Esta\u00e7\u00e3o de materiais perigosos, galvanizada a quente STW-2VB<\/strong><\/p>\n<p>Armazenamento em conformidade com a Lei dos Recursos H\u00eddricos (WHG) Aprovado para o armazenamento de l\u00edquidos inflam\u00e1veis.<br \/>\nParedes laterais e traseiras fechadas (chapa maci\u00e7a).<br \/>\nEmpilh\u00e1vel em 3 alturas.<br \/>\nCapacidade de carga: 850 kg\/m\u00b2<\/p>\n<p>Dimens\u00f5es HxWxD 1440x1390x905<br \/>\nCapacidade 2&#215;200 l barril<br \/>\nVolume da cole\u00e7\u00e3o 225l<br \/>\nPeso 150<br \/>\nCapacidade de carga 1000kg<\/p>\n","protected":false},"excerpt":{"rendered":"<p>Armazenamento de materiais perigosos &#8211; Esta\u00e7\u00e3o de materiais perigosos, galvanizada a quente STW-2VB Armazenamento em conformidade com a Lei dos Recursos H\u00eddricos (WHG) Aprovado para o armazenamento de l\u00edquidos inflam\u00e1veis. Paredes laterais e traseiras fechadas (chapa maci\u00e7a). Empilh\u00e1vel em 3 alturas. Capacidade de carga: 850 kg\/m\u00b2 Dimens\u00f5es HxWxD 1440x1390x905 Capacidade 2&#215;200 l barril Volume da [&hellip;]<\/p>\n","protected":false},"featured_media":83416,"template":"","meta":[],"product_brand":[],"product_cat":[2923],"product_tag":[],"class_list":{"0":"post-88830","1":"product","2":"type-product","3":"status-publish","4":"has-post-thumbnail","6":"product_cat-tecnologia-de-armazenamento","7":"pa_typ-stw-2vb","9":"first","10":"instock","11":"taxable","12":"shipping-taxable","13":"product-type-simple"},"jetpack_sharing_enabled":true,"_links":{"self":[{"href":"https:\/\/www.3p-gmbh.de\/pt-br\/wp-json\/wp\/v2\/product\/88830","targetHints":{"allow":["GET"]}}],"collection":[{"href":"https:\/\/www.3p-gmbh.de\/pt-br\/wp-json\/wp\/v2\/product"}],"about":[{"href":"https:\/\/www.3p-gmbh.de\/pt-br\/wp-json\/wp\/v2\/types\/product"}],"wp:featuredmedia":[{"embeddable":true,"href":"https:\/\/www.3p-gmbh.de\/pt-br\/wp-json\/wp\/v2\/media\/83416"}],"wp:attachment":[{"href":"https:\/\/www.3p-gmbh.de\/pt-br\/wp-json\/wp\/v2\/media?parent=88830"}],"wp:term":[{"taxonomy":"product_brand","embeddable":true,"href":"https:\/\/www.3p-gmbh.de\/pt-br\/wp-json\/wp\/v2\/product_brand?post=88830"},{"taxonomy":"product_cat","embeddable":true,"href":"https:\/\/www.3p-gmbh.de\/pt-br\/wp-json\/wp\/v2\/product_cat?post=88830"},{"taxonomy":"product_tag","embeddable":true,"href":"https:\/\/www.3p-gmbh.de\/pt-br\/wp-json\/wp\/v2\/product_tag?post=88830"}],"curies":[{"name":"wp","href":"https:\/\/api.w.org\/{rel}","templated":true}]}}