{"id":88823,"date":"2022-06-15T18:30:26","date_gmt":"2022-06-15T18:30:26","guid":{"rendered":"https:\/\/www.3p-gmbh.de\/produkt\/mesa-de-rolos-movel-infinitamente-ajustavel-em-altura-e-rotativa-guk-rt-35\/"},"modified":"2022-06-15T18:30:26","modified_gmt":"2022-06-15T18:30:26","slug":"mesa-de-rolos-de-altura-ajustavel-e-rotativa-para-escadotes-moveis-guk-rt-35","status":"publish","type":"product","link":"https:\/\/www.3p-gmbh.de\/pt-br\/produkt\/mesa-de-rolos-de-altura-ajustavel-e-rotativa-para-escadotes-moveis-guk-rt-35\/","title":{"rendered":"mesa de rolos m\u00f3vel, infinitamente ajust\u00e1vel em altura e rotativa GUK RT-35"},"content":{"rendered":"<p><strong>Grieser &amp; Kunzmann Wellendingen<br \/>\n<\/strong><strong>Mesa de rolos m\u00f3vel, infinitamente ajust\u00e1vel em altura e rotativa GUK RT-35 <\/strong><br \/>\n<strong>Bj. 1993 &#8211; desatualizado<\/strong><\/p>\n<p>-r\u00e9gua de rolos inclinada para alinhamento da folha<br \/>\n-Velocidade ajust\u00e1vel<br \/>\n-Largura de entrada 350 mm<br \/>\nFonte de alimenta\u00e7\u00e3o -220V<\/p>\n","protected":false},"excerpt":{"rendered":"<p>Grieser &amp; Kunzmann Wellendingen Mesa de rolos m\u00f3vel, infinitamente ajust\u00e1vel em altura e rotativa GUK RT-35 Bj. 1993 &#8211; desatualizado -r\u00e9gua de rolos inclinada para alinhamento da folha -Velocidade ajust\u00e1vel -Largura de entrada 350 mm Fonte de alimenta\u00e7\u00e3o -220V<\/p>\n","protected":false},"featured_media":83530,"template":"","meta":[],"product_brand":[],"product_cat":[2919],"product_tag":[],"class_list":{"0":"post-88823","1":"product","2":"type-product","3":"status-publish","4":"has-post-thumbnail","6":"product_cat-despesas","7":"pa_hersteller-grieser-kunzmann-guk","8":"pa_typ-rt-35","10":"first","11":"instock","12":"taxable","13":"shipping-taxable","14":"product-type-simple"},"jetpack_sharing_enabled":true,"_links":{"self":[{"href":"https:\/\/www.3p-gmbh.de\/pt-br\/wp-json\/wp\/v2\/product\/88823","targetHints":{"allow":["GET"]}}],"collection":[{"href":"https:\/\/www.3p-gmbh.de\/pt-br\/wp-json\/wp\/v2\/product"}],"about":[{"href":"https:\/\/www.3p-gmbh.de\/pt-br\/wp-json\/wp\/v2\/types\/product"}],"wp:featuredmedia":[{"embeddable":true,"href":"https:\/\/www.3p-gmbh.de\/pt-br\/wp-json\/wp\/v2\/media\/83530"}],"wp:attachment":[{"href":"https:\/\/www.3p-gmbh.de\/pt-br\/wp-json\/wp\/v2\/media?parent=88823"}],"wp:term":[{"taxonomy":"product_brand","embeddable":true,"href":"https:\/\/www.3p-gmbh.de\/pt-br\/wp-json\/wp\/v2\/product_brand?post=88823"},{"taxonomy":"product_cat","embeddable":true,"href":"https:\/\/www.3p-gmbh.de\/pt-br\/wp-json\/wp\/v2\/product_cat?post=88823"},{"taxonomy":"product_tag","embeddable":true,"href":"https:\/\/www.3p-gmbh.de\/pt-br\/wp-json\/wp\/v2\/product_tag?post=88823"}],"curies":[{"name":"wp","href":"https:\/\/api.w.org\/{rel}","templated":true}]}}