{"id":88817,"date":"2022-05-28T20:56:09","date_gmt":"2022-05-28T20:56:09","guid":{"rendered":"https:\/\/www.3p-gmbh.de\/produkt\/tesoura-de-ponta-dupla-para-cortar-ranhuras-de-canal-cito-e-gnu\/"},"modified":"2022-05-28T20:56:09","modified_gmt":"2022-05-28T20:56:09","slug":"tesoura-de-bico-duplo-para-cortar-ranhuras-de-canal-de-cito-e-gnu","status":"publish","type":"product","link":"https:\/\/www.3p-gmbh.de\/pt-br\/produkt\/tesoura-de-bico-duplo-para-cortar-ranhuras-de-canal-de-cito-e-gnu\/","title":{"rendered":"Tesoura de ponta dupla para cortar ranhuras de canal Cito e GNU"},"content":{"rendered":"<p><strong>Tesoura de ponta dupla para cortar ranhuras de canal Cito e GNU<br \/>\n<\/strong><br \/>\npara o corte eficiente de sali\u00eancias e para o corte reto de linhas at\u00e9 40 x 1,42 mm em constru\u00e7\u00f5es totalmente em a\u00e7o.<\/p>\n<p>A tesoura corta 2 narizes ao mesmo tempo, sendo a linha mantida sem distor\u00e7\u00e3o durante o processo de corte por um dispositivo autom\u00e1tico de reten\u00e7\u00e3o.<br \/>\nA linha \u00e9 cortada de forma c\u00f3nica por facas devidamente amoladas, o que garante um bom encaixe dos pontos de liga\u00e7\u00e3o.<br \/>\nA alavanca de altern\u00e2ncia permite uma boa transmiss\u00e3o de pot\u00eancia; o ajuste fino permite um corte preciso no comprimento.<\/p>\n","protected":false},"excerpt":{"rendered":"<p>Tesoura de ponta dupla para cortar ranhuras de canal Cito e GNU para o corte eficiente de sali\u00eancias e para o corte reto de linhas at\u00e9 40 x 1,42 mm em constru\u00e7\u00f5es totalmente em a\u00e7o. A tesoura corta 2 narizes ao mesmo tempo, sendo a linha mantida sem distor\u00e7\u00e3o durante o processo de corte por [&hellip;]<\/p>\n","protected":false},"featured_media":83473,"template":"","meta":[],"product_brand":[],"product_cat":[2883],"product_tag":[],"class_list":{"0":"post-88817","1":"product","2":"type-product","3":"status-publish","4":"has-post-thumbnail","6":"product_cat-impressao-tipografica","8":"first","9":"instock","10":"taxable","11":"shipping-taxable","12":"product-type-simple"},"jetpack_sharing_enabled":true,"_links":{"self":[{"href":"https:\/\/www.3p-gmbh.de\/pt-br\/wp-json\/wp\/v2\/product\/88817","targetHints":{"allow":["GET"]}}],"collection":[{"href":"https:\/\/www.3p-gmbh.de\/pt-br\/wp-json\/wp\/v2\/product"}],"about":[{"href":"https:\/\/www.3p-gmbh.de\/pt-br\/wp-json\/wp\/v2\/types\/product"}],"wp:featuredmedia":[{"embeddable":true,"href":"https:\/\/www.3p-gmbh.de\/pt-br\/wp-json\/wp\/v2\/media\/83473"}],"wp:attachment":[{"href":"https:\/\/www.3p-gmbh.de\/pt-br\/wp-json\/wp\/v2\/media?parent=88817"}],"wp:term":[{"taxonomy":"product_brand","embeddable":true,"href":"https:\/\/www.3p-gmbh.de\/pt-br\/wp-json\/wp\/v2\/product_brand?post=88817"},{"taxonomy":"product_cat","embeddable":true,"href":"https:\/\/www.3p-gmbh.de\/pt-br\/wp-json\/wp\/v2\/product_cat?post=88817"},{"taxonomy":"product_tag","embeddable":true,"href":"https:\/\/www.3p-gmbh.de\/pt-br\/wp-json\/wp\/v2\/product_tag?post=88817"}],"curies":[{"name":"wp","href":"https:\/\/api.w.org\/{rel}","templated":true}]}}