{"id":88814,"date":"2022-05-28T17:02:18","date_gmt":"2022-05-28T17:02:18","guid":{"rendered":"https:\/\/www.3p-gmbh.de\/produkt\/unidade-movel-de-dobragem-de-espadas-mathias-baeuerle-ms-45\/"},"modified":"2022-05-28T17:02:18","modified_gmt":"2022-05-28T17:02:18","slug":"espada-movel-dobravel-mathias-baeuerle-ms-45","status":"publish","type":"product","link":"https:\/\/www.3p-gmbh.de\/pt-br\/produkt\/espada-movel-dobravel-mathias-baeuerle-ms-45\/","title":{"rendered":"Unidade m\u00f3vel de dobragem de espadas Mathias B\u00e4uerle MS 45"},"content":{"rendered":"<p><strong>Unidade m\u00f3vel de dobragem de espadas Mathias B\u00e4uerle MS 45<\/strong><br \/>\n<strong>Ano de fabrico 2006<br \/>\n<\/strong><br \/>\npara bainhas em cruz<br \/>\n&#8211; 180\u00b0 rotativo, sendo poss\u00edvel dobrar a partir de cima ou de baixo<br \/>\n&#8211; M\u00f3vel e com regula\u00e7\u00e3o infinita em altura<br \/>\nAdequado para acoplamento com a primeira ou segunda unidade de dobragem de chapas de fivela de uma m\u00e1quina de dobragem CAS<br \/>\nLargura m\u00e1xima de entrada 45 cm min. 12 cm<br \/>\nComprimento m\u00e1ximo da entrada. 33 cm min. 10 cm<\/p>\n","protected":false},"excerpt":{"rendered":"<p>Unidade m\u00f3vel de dobragem de espadas Mathias B\u00e4uerle MS 45 Ano de fabrico 2006 para bainhas em cruz &#8211; 180\u00b0 rotativo, sendo poss\u00edvel dobrar a partir de cima ou de baixo &#8211; M\u00f3vel e com regula\u00e7\u00e3o infinita em altura Adequado para acoplamento com a primeira ou segunda unidade de dobragem de chapas de fivela de [&hellip;]<\/p>\n","protected":false},"featured_media":83461,"template":"","meta":[],"product_brand":[],"product_cat":[2912],"product_tag":[],"class_list":{"0":"post-88814","1":"product","2":"type-product","3":"status-publish","4":"has-post-thumbnail","6":"product_cat-unidades-de-dobragem","7":"pa_hersteller-mathias-baeuerle","8":"pa_typ-ms-45","10":"first","11":"instock","12":"taxable","13":"shipping-taxable","14":"product-type-simple"},"jetpack_sharing_enabled":true,"_links":{"self":[{"href":"https:\/\/www.3p-gmbh.de\/pt-br\/wp-json\/wp\/v2\/product\/88814","targetHints":{"allow":["GET"]}}],"collection":[{"href":"https:\/\/www.3p-gmbh.de\/pt-br\/wp-json\/wp\/v2\/product"}],"about":[{"href":"https:\/\/www.3p-gmbh.de\/pt-br\/wp-json\/wp\/v2\/types\/product"}],"wp:featuredmedia":[{"embeddable":true,"href":"https:\/\/www.3p-gmbh.de\/pt-br\/wp-json\/wp\/v2\/media\/83461"}],"wp:attachment":[{"href":"https:\/\/www.3p-gmbh.de\/pt-br\/wp-json\/wp\/v2\/media?parent=88814"}],"wp:term":[{"taxonomy":"product_brand","embeddable":true,"href":"https:\/\/www.3p-gmbh.de\/pt-br\/wp-json\/wp\/v2\/product_brand?post=88814"},{"taxonomy":"product_cat","embeddable":true,"href":"https:\/\/www.3p-gmbh.de\/pt-br\/wp-json\/wp\/v2\/product_cat?post=88814"},{"taxonomy":"product_tag","embeddable":true,"href":"https:\/\/www.3p-gmbh.de\/pt-br\/wp-json\/wp\/v2\/product_tag?post=88814"}],"curies":[{"name":"wp","href":"https:\/\/api.w.org\/{rel}","templated":true}]}}