{"id":88807,"date":"2023-07-04T09:40:30","date_gmt":"2023-07-04T09:40:30","guid":{"rendered":"https:\/\/www.3p-gmbh.de\/produkt\/raridade-2x-muller-martini-hk-75-cabecas-de-costura-com-ilhos-de-08-mm-para-costureiras-de-sela\/"},"modified":"2023-12-20T13:47:53","modified_gmt":"2023-12-20T13:47:53","slug":"rarity-2x-mueller-martini-hk-75-ring-binder-08mm-for-saddle-binder","status":"publish","type":"product","link":"https:\/\/www.3p-gmbh.de\/pt-br\/produkt\/rarity-2x-mueller-martini-hk-75-ring-binder-08mm-for-saddle-binder\/","title":{"rendered":"Raridade 2x Muller Martini HK 75 Cabe\u00e7as de costura com ilh\u00f3s de 0,8 mm para costureiras de sela"},"content":{"rendered":"<p><strong>Raridade 2x Muller Martini HK 75 Cabe\u00e7as de costura com ilh\u00f3s de 0,8 mm para costureiras de sela<\/strong><\/p>\n<p>para as s\u00e9ries Primera , Prima , Bravo , Valore<br \/>\nMM N\u00famero de pe\u00e7a 0249.0050<\/p>\n<p>&nbsp;<\/p>\n","protected":false},"excerpt":{"rendered":"<p>Raridade 2x Muller Martini HK 75 Cabe\u00e7as de costura com ilh\u00f3s de 0,8 mm para costureiras de sela para as s\u00e9ries Primera , Prima , Bravo , Valore MM N\u00famero de pe\u00e7a 0249.0050 &nbsp;<\/p>\n","protected":false},"featured_media":87323,"template":"","meta":[],"product_brand":[],"product_cat":[2851,2908],"product_tag":[],"class_list":{"0":"post-88807","1":"product","2":"type-product","3":"status-publish","4":"has-post-thumbnail","6":"product_cat-acessorios","7":"product_cat-costureira-de-sela","8":"pa_hersteller-mueller-martini","9":"pa_typ-hk-75","11":"first","12":"instock","13":"taxable","14":"shipping-taxable","15":"product-type-simple"},"jetpack_sharing_enabled":true,"_links":{"self":[{"href":"https:\/\/www.3p-gmbh.de\/pt-br\/wp-json\/wp\/v2\/product\/88807","targetHints":{"allow":["GET"]}}],"collection":[{"href":"https:\/\/www.3p-gmbh.de\/pt-br\/wp-json\/wp\/v2\/product"}],"about":[{"href":"https:\/\/www.3p-gmbh.de\/pt-br\/wp-json\/wp\/v2\/types\/product"}],"wp:featuredmedia":[{"embeddable":true,"href":"https:\/\/www.3p-gmbh.de\/pt-br\/wp-json\/wp\/v2\/media\/87323"}],"wp:attachment":[{"href":"https:\/\/www.3p-gmbh.de\/pt-br\/wp-json\/wp\/v2\/media?parent=88807"}],"wp:term":[{"taxonomy":"product_brand","embeddable":true,"href":"https:\/\/www.3p-gmbh.de\/pt-br\/wp-json\/wp\/v2\/product_brand?post=88807"},{"taxonomy":"product_cat","embeddable":true,"href":"https:\/\/www.3p-gmbh.de\/pt-br\/wp-json\/wp\/v2\/product_cat?post=88807"},{"taxonomy":"product_tag","embeddable":true,"href":"https:\/\/www.3p-gmbh.de\/pt-br\/wp-json\/wp\/v2\/product_tag?post=88807"}],"curies":[{"name":"wp","href":"https:\/\/api.w.org\/{rel}","templated":true}]}}