{"id":88782,"date":"2023-07-04T10:29:26","date_gmt":"2023-07-04T10:29:26","guid":{"rendered":"https:\/\/www.3p-gmbh.de\/produkt\/unidade-de-impressao-heidelberg-printmaster-pm-74\/"},"modified":"2023-12-20T13:47:52","modified_gmt":"2023-12-20T13:47:52","slug":"impressao-heidelberg-printmaster-pm-74","status":"publish","type":"product","link":"https:\/\/www.3p-gmbh.de\/pt-br\/produkt\/impressao-heidelberg-printmaster-pm-74\/","title":{"rendered":"Unidade de impress\u00e3o Heidelberg Printmaster PM 74"},"content":{"rendered":"<p><strong>Unidade de impress\u00e3o Heidelberg Printmaster PM 74<\/strong><br \/>\n<strong>Novo em folha<\/strong><\/p>\n<p><strong>Barra de fixa\u00e7\u00e3o da manta PM 74<\/strong><\/p>\n","protected":false},"excerpt":{"rendered":"<p>Unidade de impress\u00e3o Heidelberg Printmaster PM 74 Novo em folha Barra de fixa\u00e7\u00e3o da manta PM 74<\/p>\n","protected":false},"featured_media":87595,"template":"","meta":[],"product_brand":[],"product_cat":[2898],"product_tag":[],"class_list":{"0":"post-88782","1":"product","2":"type-product","3":"status-publish","4":"has-post-thumbnail","6":"product_cat-acessorios-e-pecas-sobressalentes-para-prensas","7":"pa_hersteller-heidelberg","8":"pa_typ-printmaster-pm-74","10":"first","11":"instock","12":"taxable","13":"shipping-taxable","14":"product-type-simple"},"jetpack_sharing_enabled":true,"_links":{"self":[{"href":"https:\/\/www.3p-gmbh.de\/pt-br\/wp-json\/wp\/v2\/product\/88782","targetHints":{"allow":["GET"]}}],"collection":[{"href":"https:\/\/www.3p-gmbh.de\/pt-br\/wp-json\/wp\/v2\/product"}],"about":[{"href":"https:\/\/www.3p-gmbh.de\/pt-br\/wp-json\/wp\/v2\/types\/product"}],"wp:featuredmedia":[{"embeddable":true,"href":"https:\/\/www.3p-gmbh.de\/pt-br\/wp-json\/wp\/v2\/media\/87595"}],"wp:attachment":[{"href":"https:\/\/www.3p-gmbh.de\/pt-br\/wp-json\/wp\/v2\/media?parent=88782"}],"wp:term":[{"taxonomy":"product_brand","embeddable":true,"href":"https:\/\/www.3p-gmbh.de\/pt-br\/wp-json\/wp\/v2\/product_brand?post=88782"},{"taxonomy":"product_cat","embeddable":true,"href":"https:\/\/www.3p-gmbh.de\/pt-br\/wp-json\/wp\/v2\/product_cat?post=88782"},{"taxonomy":"product_tag","embeddable":true,"href":"https:\/\/www.3p-gmbh.de\/pt-br\/wp-json\/wp\/v2\/product_tag?post=88782"}],"curies":[{"name":"wp","href":"https:\/\/api.w.org\/{rel}","templated":true}]}}