{"id":88777,"date":"2023-07-09T10:07:38","date_gmt":"2023-07-09T10:07:38","guid":{"rendered":"https:\/\/www.3p-gmbh.de\/produkt\/virador-de-paletes-hotung-pw-1\/"},"modified":"2023-12-20T13:47:51","modified_gmt":"2023-12-20T13:47:51","slug":"virador-de-paletes-hotung-pw-1","status":"publish","type":"product","link":"https:\/\/www.3p-gmbh.de\/pt-br\/produkt\/virador-de-paletes-hotung-pw-1\/","title":{"rendered":"Virador de paletes Hotung PW 1"},"content":{"rendered":"<p><strong>Virador de estacas Hotung PW 1<\/strong><br \/>\n<strong>Ano de fabrico 2000<br \/>\nSN 218-PW1  <\/strong><\/p>\n<p>Plataforma interior 127 x 83 cm<br \/>\nTodos os carrinhos de m\u00e1quinas e tamanhos de paletes at\u00e9<br \/>\nFormato da palete Euro: 120 x 80 cm<br \/>\nLongitudinal: 142 x 102 cm<br \/>\nAltura de entrada da pilha: 133 cm<br \/>\nAltura de entrada dos rod\u00edzios: 100 cm<br \/>\nPilha m\u00ednima: 61 cm<br \/>\nFor\u00e7a de eleva\u00e7\u00e3o: 1000 kg<br \/>\nTempo de viragem: 2 x 40 seg.<br \/>\nPeso pr\u00f3prio : 860 kg<br \/>\nNecessidade de energia: 1,5 KW\/16A<br \/>\nPegada em repouso: 150 x 170 cm<br \/>\nRota\u00e7\u00e3o\/max. C\u00edrculo de viragem \u00d8 195 cm<br \/>\nSuperf\u00edcie de apoio em funcionamento: 210 x 170 cm<br \/>\nAltura total com pilha: 176 cm<\/p>\n<p><em><strong>Completamente limpo e testado na oficina<\/strong><\/em><\/p>\n","protected":false},"excerpt":{"rendered":"<p>Virador de estacas Hotung PW 1 Ano de fabrico 2000 SN 218-PW1 Plataforma interior 127 x 83 cm Todos os carrinhos de m\u00e1quinas e tamanhos de paletes at\u00e9 Formato da palete Euro: 120 x 80 cm Longitudinal: 142 x 102 cm Altura de entrada da pilha: 133 cm Altura de entrada dos rod\u00edzios: 100 cm [&hellip;]<\/p>\n","protected":false},"featured_media":87823,"template":"","meta":[],"product_brand":[],"product_cat":[2897],"product_tag":[],"class_list":{"0":"post-88777","1":"product","2":"type-product","3":"status-publish","4":"has-post-thumbnail","6":"product_cat-virador-de-estacas","7":"pa_hersteller-hotung","8":"pa_typ-pw1","10":"first","11":"instock","12":"taxable","13":"shipping-taxable","14":"product-type-simple"},"jetpack_sharing_enabled":true,"_links":{"self":[{"href":"https:\/\/www.3p-gmbh.de\/pt-br\/wp-json\/wp\/v2\/product\/88777","targetHints":{"allow":["GET"]}}],"collection":[{"href":"https:\/\/www.3p-gmbh.de\/pt-br\/wp-json\/wp\/v2\/product"}],"about":[{"href":"https:\/\/www.3p-gmbh.de\/pt-br\/wp-json\/wp\/v2\/types\/product"}],"wp:featuredmedia":[{"embeddable":true,"href":"https:\/\/www.3p-gmbh.de\/pt-br\/wp-json\/wp\/v2\/media\/87823"}],"wp:attachment":[{"href":"https:\/\/www.3p-gmbh.de\/pt-br\/wp-json\/wp\/v2\/media?parent=88777"}],"wp:term":[{"taxonomy":"product_brand","embeddable":true,"href":"https:\/\/www.3p-gmbh.de\/pt-br\/wp-json\/wp\/v2\/product_brand?post=88777"},{"taxonomy":"product_cat","embeddable":true,"href":"https:\/\/www.3p-gmbh.de\/pt-br\/wp-json\/wp\/v2\/product_cat?post=88777"},{"taxonomy":"product_tag","embeddable":true,"href":"https:\/\/www.3p-gmbh.de\/pt-br\/wp-json\/wp\/v2\/product_tag?post=88777"}],"curies":[{"name":"wp","href":"https:\/\/api.w.org\/{rel}","templated":true}]}}