{"id":88759,"date":"2023-07-09T10:34:40","date_gmt":"2023-07-09T10:34:40","guid":{"rendered":"https:\/\/www.3p-gmbh.de\/produkt\/balanca-digital-de-peso-de-papel-por-unidade-de-area-pce-com-cortador-de-referencia\/"},"modified":"2023-07-09T10:34:40","modified_gmt":"2023-07-09T10:34:40","slug":"digital-paper-flat-weight-scale-pce-with-reference-cutter","status":"publish","type":"product","link":"https:\/\/www.3p-gmbh.de\/pt-br\/produkt\/digital-paper-flat-weight-scale-pce-with-reference-cutter\/","title":{"rendered":"Balan\u00e7a digital de peso de papel por unidade de \u00e1rea PCE com cortador de refer\u00eancia"},"content":{"rendered":"<p><strong>Balan\u00e7a digital de peso de papel por unidade de \u00e1rea PCE com cortador de refer\u00eancia<\/strong><\/p>\n","protected":false},"excerpt":{"rendered":"<p>Balan\u00e7a digital de peso de papel por unidade de \u00e1rea PCE com cortador de refer\u00eancia<\/p>\n","protected":false},"featured_media":87874,"template":"","meta":[],"product_brand":[],"product_cat":[2892,2891],"product_tag":[],"class_list":{"0":"post-88759","1":"product","2":"type-product","3":"status-publish","4":"has-post-thumbnail","6":"product_cat-encadernacao-de-sortido","7":"product_cat-outro-processamento-de-papel","9":"first","10":"instock","11":"taxable","12":"shipping-taxable","13":"product-type-simple"},"jetpack_sharing_enabled":true,"_links":{"self":[{"href":"https:\/\/www.3p-gmbh.de\/pt-br\/wp-json\/wp\/v2\/product\/88759","targetHints":{"allow":["GET"]}}],"collection":[{"href":"https:\/\/www.3p-gmbh.de\/pt-br\/wp-json\/wp\/v2\/product"}],"about":[{"href":"https:\/\/www.3p-gmbh.de\/pt-br\/wp-json\/wp\/v2\/types\/product"}],"wp:featuredmedia":[{"embeddable":true,"href":"https:\/\/www.3p-gmbh.de\/pt-br\/wp-json\/wp\/v2\/media\/87874"}],"wp:attachment":[{"href":"https:\/\/www.3p-gmbh.de\/pt-br\/wp-json\/wp\/v2\/media?parent=88759"}],"wp:term":[{"taxonomy":"product_brand","embeddable":true,"href":"https:\/\/www.3p-gmbh.de\/pt-br\/wp-json\/wp\/v2\/product_brand?post=88759"},{"taxonomy":"product_cat","embeddable":true,"href":"https:\/\/www.3p-gmbh.de\/pt-br\/wp-json\/wp\/v2\/product_cat?post=88759"},{"taxonomy":"product_tag","embeddable":true,"href":"https:\/\/www.3p-gmbh.de\/pt-br\/wp-json\/wp\/v2\/product_tag?post=88759"}],"curies":[{"name":"wp","href":"https:\/\/api.w.org\/{rel}","templated":true}]}}