{"id":88746,"date":"2023-07-09T10:42:23","date_gmt":"2023-07-09T10:42:23","guid":{"rendered":"https:\/\/www.3p-gmbh.de\/produkt\/faca-de-perfuracao-heidelberg-stahlfolder\/"},"modified":"2023-07-09T10:42:23","modified_gmt":"2023-07-09T10:42:23","slug":"faca-de-perfuracao-de-pasta-de-aco-heidelberg","status":"publish","type":"product","link":"https:\/\/www.3p-gmbh.de\/pt-br\/produkt\/faca-de-perfuracao-de-pasta-de-aco-heidelberg\/","title":{"rendered":"Faca de perfura\u00e7\u00e3o Heidelberg Stahlfolder"},"content":{"rendered":"<p><strong>Faca de perfura\u00e7\u00e3o Heidelberg Stahlfolder<\/strong><\/p>\n","protected":false},"excerpt":{"rendered":"<p>Faca de perfura\u00e7\u00e3o Heidelberg Stahlfolder<\/p>\n","protected":false},"featured_media":87908,"template":"","meta":[],"product_brand":[],"product_cat":[2882],"product_tag":[],"class_list":{"0":"post-88746","1":"product","2":"type-product","3":"status-publish","4":"has-post-thumbnail","6":"product_cat-acessorios-para-maquinas-de-dobrar","7":"pa_hersteller-heidelberg","9":"first","10":"instock","11":"taxable","12":"shipping-taxable","13":"product-type-simple"},"jetpack_sharing_enabled":true,"_links":{"self":[{"href":"https:\/\/www.3p-gmbh.de\/pt-br\/wp-json\/wp\/v2\/product\/88746","targetHints":{"allow":["GET"]}}],"collection":[{"href":"https:\/\/www.3p-gmbh.de\/pt-br\/wp-json\/wp\/v2\/product"}],"about":[{"href":"https:\/\/www.3p-gmbh.de\/pt-br\/wp-json\/wp\/v2\/types\/product"}],"wp:featuredmedia":[{"embeddable":true,"href":"https:\/\/www.3p-gmbh.de\/pt-br\/wp-json\/wp\/v2\/media\/87908"}],"wp:attachment":[{"href":"https:\/\/www.3p-gmbh.de\/pt-br\/wp-json\/wp\/v2\/media?parent=88746"}],"wp:term":[{"taxonomy":"product_brand","embeddable":true,"href":"https:\/\/www.3p-gmbh.de\/pt-br\/wp-json\/wp\/v2\/product_brand?post=88746"},{"taxonomy":"product_cat","embeddable":true,"href":"https:\/\/www.3p-gmbh.de\/pt-br\/wp-json\/wp\/v2\/product_cat?post=88746"},{"taxonomy":"product_tag","embeddable":true,"href":"https:\/\/www.3p-gmbh.de\/pt-br\/wp-json\/wp\/v2\/product_tag?post=88746"}],"curies":[{"name":"wp","href":"https:\/\/api.w.org\/{rel}","templated":true}]}}