{"id":88693,"date":"2023-07-26T22:02:25","date_gmt":"2023-07-26T22:02:25","guid":{"rendered":"https:\/\/www.3p-gmbh.de\/produkt\/empilhador-alto-hs-1029\/"},"modified":"2023-07-26T22:02:25","modified_gmt":"2023-07-26T22:02:25","slug":"hoch-hubstapler-hs-1029","status":"publish","type":"product","link":"https:\/\/www.3p-gmbh.de\/pt-br\/produkt\/hoch-hubstapler-hs-1029\/","title":{"rendered":"Empilhador alto HS 1029"},"content":{"rendered":"<p><strong>Empilhador alto HS 1029<\/strong><br \/>\n<strong>a partir de 2010<\/strong><\/p>\n<p>Este empilhador hidr\u00e1ulico de alta eleva\u00e7\u00e3o \u00e9 constitu\u00eddo por uma constru\u00e7\u00e3o em a\u00e7o firmemente soldada, s\u00f3lida e duradoura.<br \/>\nA unidade eleva cargas at\u00e9 1000 kg e uma altura de eleva\u00e7\u00e3o de 2780 mm.<br \/>\nO empilhador alto facilita o trabalho com paletes e contentores e assegura um trabalho ergon\u00f3mico.<br \/>\nA opera\u00e7\u00e3o \u00e9 efectuada atrav\u00e9s de uma barra de tra\u00e7\u00e3o de seguran\u00e7a com uma m\u00e3o.<\/p>\n<p>Outras caracter\u00edsticas:<br \/>\n&#8211; Constru\u00e7\u00e3o s\u00f3lida em a\u00e7o soldado<br \/>\n&#8211; Revestimento robusto a p\u00f3 em RAL 1028<br \/>\n&#8211; Rodas com pneus de poliuretano<br \/>\n&#8211; Ambos os rod\u00edzios girat\u00f3rios com trav\u00e3o<\/p>\n<p>Dimens\u00f5es C x L x A: 1705 x 755 x 2080 mm<br \/>\nTipo de acionamento: manual<br \/>\nTipo: Empilhador alto<br \/>\nAltura total: 2080 mm<br \/>\nPeso pr\u00f3prio: 230 kg<br \/>\nComprimento da forquilha: 1150 mm<br \/>\nAltura de eleva\u00e7\u00e3o: 2780mm<br \/>\nCentro de gravidade da carga: 600 mm<br \/>\nRodas girat\u00f3rias: 150 x 40 mm<br \/>\nCapacidade de carga: 1000 kg<br \/>\nRaio de viragem: 1380 mm<\/p>\n","protected":false},"excerpt":{"rendered":"<p>Empilhador alto HS 1029 a partir de 2010 Este empilhador hidr\u00e1ulico de alta eleva\u00e7\u00e3o \u00e9 constitu\u00eddo por uma constru\u00e7\u00e3o em a\u00e7o firmemente soldada, s\u00f3lida e duradoura. A unidade eleva cargas at\u00e9 1000 kg e uma altura de eleva\u00e7\u00e3o de 2780 mm. O empilhador alto facilita o trabalho com paletes e contentores e assegura um trabalho [&hellip;]<\/p>\n","protected":false},"featured_media":88461,"template":"","meta":[],"product_brand":[],"product_cat":[2860],"product_tag":[],"class_list":{"0":"post-88693","1":"product","2":"type-product","3":"status-publish","4":"has-post-thumbnail","6":"product_cat-camioes-industriais","7":"pa_bezeichnung_typ-hs-1029","9":"first","10":"instock","11":"taxable","12":"shipping-taxable","13":"product-type-simple"},"jetpack_sharing_enabled":true,"_links":{"self":[{"href":"https:\/\/www.3p-gmbh.de\/pt-br\/wp-json\/wp\/v2\/product\/88693","targetHints":{"allow":["GET"]}}],"collection":[{"href":"https:\/\/www.3p-gmbh.de\/pt-br\/wp-json\/wp\/v2\/product"}],"about":[{"href":"https:\/\/www.3p-gmbh.de\/pt-br\/wp-json\/wp\/v2\/types\/product"}],"wp:featuredmedia":[{"embeddable":true,"href":"https:\/\/www.3p-gmbh.de\/pt-br\/wp-json\/wp\/v2\/media\/88461"}],"wp:attachment":[{"href":"https:\/\/www.3p-gmbh.de\/pt-br\/wp-json\/wp\/v2\/media?parent=88693"}],"wp:term":[{"taxonomy":"product_brand","embeddable":true,"href":"https:\/\/www.3p-gmbh.de\/pt-br\/wp-json\/wp\/v2\/product_brand?post=88693"},{"taxonomy":"product_cat","embeddable":true,"href":"https:\/\/www.3p-gmbh.de\/pt-br\/wp-json\/wp\/v2\/product_cat?post=88693"},{"taxonomy":"product_tag","embeddable":true,"href":"https:\/\/www.3p-gmbh.de\/pt-br\/wp-json\/wp\/v2\/product_tag?post=88693"}],"curies":[{"name":"wp","href":"https:\/\/api.w.org\/{rel}","templated":true}]}}