{"id":88691,"date":"2023-07-26T21:57:34","date_gmt":"2023-07-26T21:57:34","guid":{"rendered":"https:\/\/www.3p-gmbh.de\/produkt\/agrupador-de-mesas-busch-tb-24-ii\/"},"modified":"2023-07-26T21:57:34","modified_gmt":"2023-07-26T21:57:34","slug":"tabela-buendler-bush-tb-24-ii","status":"publish","type":"product","link":"https:\/\/www.3p-gmbh.de\/pt-br\/produkt\/tabela-buendler-bush-tb-24-ii\/","title":{"rendered":"Agrupador de mesas Busch TB 24-II"},"content":{"rendered":"<p><strong>Agrupador de mesas Busch TB 24-II<br \/>\na partir de 2000  <\/strong><br \/>\n<strong>Estado limpo e testado na oficina (pe\u00e7as de desgaste substitu\u00eddas)<\/strong><\/p>\n<p>O material do pacote \u00e9 papel kraft revestido (castanho ou branco) ou pel\u00edcula de polipropileno transparente.<br \/>\nEquipado com visor digital, visor de erros e controlo eletr\u00f3nico da temperatura.<\/p>\n<p>Op\u00e7\u00f5es de funcionamento:<br \/>\n&#8211; Desbloqueio de ciclo \u00fanico atrav\u00e9s de bot\u00e3o de press\u00e3o<br \/>\n&#8211; Desbloqueio de um ciclo atrav\u00e9s de um pedal <em>(opcional)<\/em><br \/>\n&#8211; Acionamento autom\u00e1tico atrav\u00e9s de sensor<\/p>\n<p>Material da embalagem: Papel kraft revestido, pel\u00edcula de polipropileno (PP)<br \/>\nLarguras das correias: <strong>40 e 50 mm<\/strong><br \/>\nComprimento do rolo de papel kraft 150 \/ folha de alum\u00ednio 200 m<br \/>\nRendimento da m\u00e1quina 20 &#8211; 25 ciclos\/min.<br \/>\nM\u00e1ximo. Dimens\u00f5es dos produtos agrupados: 240 mm de largura para o agrupamento de papel e 180 mm para o agrupamento de pel\u00edcula, altura 150 mm, comprimento ilimitado<\/p>\n","protected":false},"excerpt":{"rendered":"<p>Agrupador de mesas Busch TB 24-II a partir de 2000 Estado limpo e testado na oficina (pe\u00e7as de desgaste substitu\u00eddas) O material do pacote \u00e9 papel kraft revestido (castanho ou branco) ou pel\u00edcula de polipropileno transparente. Equipado com visor digital, visor de erros e controlo eletr\u00f3nico da temperatura. Op\u00e7\u00f5es de funcionamento: &#8211; Desbloqueio de ciclo [&hellip;]<\/p>\n","protected":false},"featured_media":88420,"template":"","meta":[],"product_brand":[],"product_cat":[2859],"product_tag":[],"class_list":{"0":"post-88691","1":"product","2":"type-product","3":"status-publish","4":"has-post-thumbnail","6":"product_cat-maquinas-de-banderoling","7":"pa_bezeichnung_typ-tb-24-ii","8":"pa_hersteller-busch","10":"first","11":"instock","12":"taxable","13":"shipping-taxable","14":"product-type-simple"},"jetpack_sharing_enabled":true,"_links":{"self":[{"href":"https:\/\/www.3p-gmbh.de\/pt-br\/wp-json\/wp\/v2\/product\/88691","targetHints":{"allow":["GET"]}}],"collection":[{"href":"https:\/\/www.3p-gmbh.de\/pt-br\/wp-json\/wp\/v2\/product"}],"about":[{"href":"https:\/\/www.3p-gmbh.de\/pt-br\/wp-json\/wp\/v2\/types\/product"}],"wp:featuredmedia":[{"embeddable":true,"href":"https:\/\/www.3p-gmbh.de\/pt-br\/wp-json\/wp\/v2\/media\/88420"}],"wp:attachment":[{"href":"https:\/\/www.3p-gmbh.de\/pt-br\/wp-json\/wp\/v2\/media?parent=88691"}],"wp:term":[{"taxonomy":"product_brand","embeddable":true,"href":"https:\/\/www.3p-gmbh.de\/pt-br\/wp-json\/wp\/v2\/product_brand?post=88691"},{"taxonomy":"product_cat","embeddable":true,"href":"https:\/\/www.3p-gmbh.de\/pt-br\/wp-json\/wp\/v2\/product_cat?post=88691"},{"taxonomy":"product_tag","embeddable":true,"href":"https:\/\/www.3p-gmbh.de\/pt-br\/wp-json\/wp\/v2\/product_tag?post=88691"}],"curies":[{"name":"wp","href":"https:\/\/api.w.org\/{rel}","templated":true}]}}