{"id":125249,"date":"2026-03-23T08:32:24","date_gmt":"2026-03-23T08:32:24","guid":{"rendered":"https:\/\/www.3p-gmbh.de\/?post_type=product&#038;p=125249"},"modified":"2026-03-23T08:32:24","modified_gmt":"2026-03-23T08:32:24","slug":"wiegehubwagen-hand-gabelhubwagen-mit-waage-von-pfaff-silberblau-modell-4527137","status":"publish","type":"product","link":"https:\/\/www.3p-gmbh.de\/pt-br\/produkt\/wiegehubwagen-hand-gabelhubwagen-mit-waage-von-pfaff-silberblau-modell-4527137\/","title":{"rendered":"Wiegehubwagen &#8211; Hand-Gabelhubwagen mit Waage von Pfaff Silberblau Modell 4527137"},"content":{"rendered":"<p>Wiegehubwagen &#8211; Hand-Gabelhubwagen mit Waage von Pfaff Silberblau Modell 4527137<br \/>\naus 2012<\/p>\n<p>Tragf\u00e4higkeit 2500 kg<br \/>\nWaage Mettler Toledo bis 2000kg mit Lade Netzteil<br \/>\n4 Punkt W\u00e4gezellen Messsystem<br \/>\nGabell\u00e4nge 1150 mm<br \/>\nTragbreite 540 mm<br \/>\nHubbereich 85-200 mm<br \/>\nLenkrad Polyurethan <strong>Neu<br \/>\n<\/strong>Polyurethan Tandemrollen, belastbar &amp; ger\u00e4uscharm<br \/>\nFarbe himmelblau, RAL 5015<\/p>\n","protected":false},"excerpt":{"rendered":"<p>Wiegehubwagen &#8211; Hand-Gabelhubwagen mit Waage von Pfaff Silberblau Modell 4527137 aus 2012 Tragf\u00e4higkeit 2500 kg Waage Mettler Toledo bis 2000kg mit Lade Netzteil 4 Punkt W\u00e4gezellen Messsystem Gabell\u00e4nge 1150 mm Tragbreite 540 mm Hubbereich 85-200 mm Lenkrad Polyurethan Neu Polyurethan Tandemrollen, belastbar &amp; ger\u00e4uscharm Farbe himmelblau, RAL 5015<\/p>\n","protected":false},"featured_media":125250,"template":"","meta":[],"product_brand":[],"product_cat":[2068,2140],"product_tag":[],"class_list":{"0":"post-125249","1":"product","2":"type-product","3":"status-publish","4":"has-post-thumbnail","6":"product_cat-lagerbedarf-schmierstoffe-oele","7":"product_cat-werkstattausruestung","8":"pa_bezeichnung_typ-4221","9":"pa_hersteller-pfaff","11":"first","12":"instock","13":"taxable","14":"shipping-taxable","15":"product-type-simple"},"jetpack_sharing_enabled":true,"_links":{"self":[{"href":"https:\/\/www.3p-gmbh.de\/pt-br\/wp-json\/wp\/v2\/product\/125249","targetHints":{"allow":["GET"]}}],"collection":[{"href":"https:\/\/www.3p-gmbh.de\/pt-br\/wp-json\/wp\/v2\/product"}],"about":[{"href":"https:\/\/www.3p-gmbh.de\/pt-br\/wp-json\/wp\/v2\/types\/product"}],"wp:featuredmedia":[{"embeddable":true,"href":"https:\/\/www.3p-gmbh.de\/pt-br\/wp-json\/wp\/v2\/media\/125250"}],"wp:attachment":[{"href":"https:\/\/www.3p-gmbh.de\/pt-br\/wp-json\/wp\/v2\/media?parent=125249"}],"wp:term":[{"taxonomy":"product_brand","embeddable":true,"href":"https:\/\/www.3p-gmbh.de\/pt-br\/wp-json\/wp\/v2\/product_brand?post=125249"},{"taxonomy":"product_cat","embeddable":true,"href":"https:\/\/www.3p-gmbh.de\/pt-br\/wp-json\/wp\/v2\/product_cat?post=125249"},{"taxonomy":"product_tag","embeddable":true,"href":"https:\/\/www.3p-gmbh.de\/pt-br\/wp-json\/wp\/v2\/product_tag?post=125249"}],"curies":[{"name":"wp","href":"https:\/\/api.w.org\/{rel}","templated":true}]}}