{"id":124295,"date":"2025-03-10T08:28:22","date_gmt":"2025-03-10T08:28:22","guid":{"rendered":"https:\/\/www.3p-gmbh.de\/produkt\/mesa-de-luz-de-aco-barent-mega\/"},"modified":"2025-03-10T08:28:22","modified_gmt":"2025-03-10T08:28:22","slug":"mesa-de-luz-de-aco-barent-mega","status":"publish","type":"product","link":"https:\/\/www.3p-gmbh.de\/pt-br\/produkt\/mesa-de-luz-de-aco-barent-mega\/","title":{"rendered":"Mesa de luz de a\u00e7o Barent mega"},"content":{"rendered":"<p><strong><span style=\"color: #0000ff;\">Mesa de luz em a\u00e7o Barent mega<\/span><\/strong><\/p>\n<p>Dimens\u00f5es \u00fateis 64&#215;90<\/p>\n<p>Inclina\u00e7\u00e3o ajust\u00e1vel<\/p>\n<p>com r\u00e9gua<\/p>\n","protected":false},"excerpt":{"rendered":"<p>Mesa de luz em a\u00e7o Barent mega Dimens\u00f5es \u00fateis 64&#215;90 Inclina\u00e7\u00e3o ajust\u00e1vel com r\u00e9gua<\/p>\n","protected":false},"featured_media":124066,"template":"","meta":[],"product_brand":[],"product_cat":[2942,2868,2891],"product_tag":[],"class_list":{"0":"post-124295","1":"product","2":"type-product","3":"status-publish","4":"has-post-thumbnail","6":"product_cat-outras-maquinas-e-equipamentos","7":"product_cat-outras-transformacoes-posteriores","8":"product_cat-outro-processamento-de-papel","10":"first","11":"instock","12":"taxable","13":"shipping-taxable","14":"product-type-simple"},"jetpack_sharing_enabled":true,"_links":{"self":[{"href":"https:\/\/www.3p-gmbh.de\/pt-br\/wp-json\/wp\/v2\/product\/124295","targetHints":{"allow":["GET"]}}],"collection":[{"href":"https:\/\/www.3p-gmbh.de\/pt-br\/wp-json\/wp\/v2\/product"}],"about":[{"href":"https:\/\/www.3p-gmbh.de\/pt-br\/wp-json\/wp\/v2\/types\/product"}],"wp:featuredmedia":[{"embeddable":true,"href":"https:\/\/www.3p-gmbh.de\/pt-br\/wp-json\/wp\/v2\/media\/124066"}],"wp:attachment":[{"href":"https:\/\/www.3p-gmbh.de\/pt-br\/wp-json\/wp\/v2\/media?parent=124295"}],"wp:term":[{"taxonomy":"product_brand","embeddable":true,"href":"https:\/\/www.3p-gmbh.de\/pt-br\/wp-json\/wp\/v2\/product_brand?post=124295"},{"taxonomy":"product_cat","embeddable":true,"href":"https:\/\/www.3p-gmbh.de\/pt-br\/wp-json\/wp\/v2\/product_cat?post=124295"},{"taxonomy":"product_tag","embeddable":true,"href":"https:\/\/www.3p-gmbh.de\/pt-br\/wp-json\/wp\/v2\/product_tag?post=124295"}],"curies":[{"name":"wp","href":"https:\/\/api.w.org\/{rel}","templated":true}]}}