{"id":124279,"date":"2025-03-10T10:35:37","date_gmt":"2025-03-10T10:35:37","guid":{"rendered":"https:\/\/www.3p-gmbh.de\/produkt\/combinacao-de-equipamentos-da-nyloprint-basf-flint-modelo-cartomac-eko-35-com-tubular-uv-ay-315\/"},"modified":"2025-03-10T10:35:37","modified_gmt":"2025-03-10T10:35:37","slug":"combinacao-de-equipamentos-da-nyloprint-basf-flint-modelo-cartomac-eko-35-com-tubular-uv-ay-315","status":"publish","type":"product","link":"https:\/\/www.3p-gmbh.de\/pt-br\/produkt\/combinacao-de-equipamentos-da-nyloprint-basf-flint-modelo-cartomac-eko-35-com-tubular-uv-ay-315\/","title":{"rendered":"Combina\u00e7\u00e3o de equipamentos da Nyloprint BASF\/Flint modelo Cartomac Eko 35 com tubular UV AY 315"},"content":{"rendered":"<div><span style=\"font-family: Arial;\"><span style=\"color: #0000ff;\"><strong>Combina\u00e7\u00e3o de equipamentos da Nyloprint BASF\/Flint modelo Cartomac Eko 35 com tubular UV AY 315<br \/>\n<\/strong><\/span><\/span><\/div>\n<div><span style=\"font-family: Arial;\">&#8211; com arruela plana<br \/>\n&#8211; com controle de temperatura da \u00e1gua de 20 a 40\u00b0 C,<br \/>\n&#8211; arruela oscilante com uma placa magn\u00e9tica para clich\u00eas com suporte de a\u00e7o<br \/>\n&#8211; sistema de fluxo de \u00e1gua<\/span><\/div>\n<div><\/div>\n<div><span style=\"color: #0000ff; font-family: Arial;\"><strong>2 gavetas para secadora<\/strong><\/span><\/div>\n<div><\/div>\n<div><span style=\"color: #0000ff; font-family: Arial;\"><strong>Tubo de UV AY 315<\/strong><\/span><\/div>\n","protected":false},"excerpt":{"rendered":"<p>Combina\u00e7\u00e3o de equipamentos da Nyloprint BASF\/Flint modelo Cartomac Eko 35 com tubular UV AY 315 &#8211; com arruela plana &#8211; com controle de temperatura da \u00e1gua de 20 a 40\u00b0 C, &#8211; arruela oscilante com uma placa magn\u00e9tica para clich\u00eas com suporte de a\u00e7o &#8211; sistema de fluxo de \u00e1gua 2 gavetas para secadora Tubo [&hellip;]<\/p>\n","protected":false},"featured_media":124148,"template":"","meta":[],"product_brand":[],"product_cat":[2942,2868],"product_tag":[],"class_list":{"0":"post-124279","1":"product","2":"type-product","3":"status-publish","4":"has-post-thumbnail","6":"product_cat-outras-maquinas-e-equipamentos","7":"product_cat-outras-transformacoes-posteriores","9":"first","10":"instock","11":"taxable","12":"shipping-taxable","13":"product-type-simple"},"jetpack_sharing_enabled":true,"_links":{"self":[{"href":"https:\/\/www.3p-gmbh.de\/pt-br\/wp-json\/wp\/v2\/product\/124279","targetHints":{"allow":["GET"]}}],"collection":[{"href":"https:\/\/www.3p-gmbh.de\/pt-br\/wp-json\/wp\/v2\/product"}],"about":[{"href":"https:\/\/www.3p-gmbh.de\/pt-br\/wp-json\/wp\/v2\/types\/product"}],"wp:featuredmedia":[{"embeddable":true,"href":"https:\/\/www.3p-gmbh.de\/pt-br\/wp-json\/wp\/v2\/media\/124148"}],"wp:attachment":[{"href":"https:\/\/www.3p-gmbh.de\/pt-br\/wp-json\/wp\/v2\/media?parent=124279"}],"wp:term":[{"taxonomy":"product_brand","embeddable":true,"href":"https:\/\/www.3p-gmbh.de\/pt-br\/wp-json\/wp\/v2\/product_brand?post=124279"},{"taxonomy":"product_cat","embeddable":true,"href":"https:\/\/www.3p-gmbh.de\/pt-br\/wp-json\/wp\/v2\/product_cat?post=124279"},{"taxonomy":"product_tag","embeddable":true,"href":"https:\/\/www.3p-gmbh.de\/pt-br\/wp-json\/wp\/v2\/product_tag?post=124279"}],"curies":[{"name":"wp","href":"https:\/\/api.w.org\/{rel}","templated":true}]}}