{"id":124264,"date":"2025-03-10T09:14:23","date_gmt":"2025-03-10T09:14:23","guid":{"rendered":"https:\/\/www.3p-gmbh.de\/produkt\/agre-boss-7002-d-modelo-mke-601-d\/"},"modified":"2025-03-10T09:14:23","modified_gmt":"2025-03-10T09:14:23","slug":"agre-boss-7002-d-modelo-mke-601-d","status":"publish","type":"product","link":"https:\/\/www.3p-gmbh.de\/pt-br\/produkt\/agre-boss-7002-d-modelo-mke-601-d\/","title":{"rendered":"AGRE BOSS 7002 D Modelo MKE 601 D"},"content":{"rendered":"<p><strong><span style=\"color: #0000ff;\">AGRE BOSS 7002 D Modelo MKE 601 D<\/span><\/strong><\/p>\n<p><span style=\"color: #0000ff;\"><strong>&#8211; Como novo a partir do ano 2020 <\/strong><\/span><\/p>\n<p>Dados t\u00e9cnicos:<br \/>\nCompressor de pist\u00e3o de dois cilindros com acionamento direto em projeto de est\u00e1gio \u00fanico, lubrificado a \u00f3leo e resfriado a ar.<br \/>\nAcionamento direto, design compacto, m\u00e1xima confiabilidade operacional e alta efici\u00eancia<br \/>\nAs baixas velocidades do sistema garantem uma longa vida \u00fatil para todos os componentes<br \/>\nRolamentos da biela e do pino do pist\u00e3o projetados como mancais lisos e cabe\u00e7otes de liga de alum\u00ednio com muitas nervuras para uma compress\u00e3o eficiente e uma longa vida \u00fatil<br \/>\nUm p\u00f3s-resfriador eficaz resulta em uma baixa temperatura de sa\u00edda do ar comprimido<br \/>\nFiltro de admiss\u00e3o de alta qualidade<\/p>\n<p>Benef\u00edcios do produto:<br \/>\nOpera\u00e7\u00e3o m\u00f3vel totalmente autom\u00e1tica gra\u00e7as ao pressostato e \u00e0 v\u00e1lvula de al\u00edvio<br \/>\nTanque de ar comprimido com v\u00e1lvula de seguran\u00e7a, man\u00f4metro e v\u00e1lvula de condensado<br \/>\nUnidade de montagem com filtro regulador de alta qualidade e man\u00f4metro<br \/>\nProte\u00e7\u00e3o t\u00e9rmica contra sobrecarga do motor<br \/>\nAcoplamento de libera\u00e7\u00e3o r\u00e1pida em a\u00e7o profissional AGRE<br \/>\nUnidade de acionamento direto<br \/>\nPressostato Condor<br \/>\nDois cilindros, Caracter\u00edsticas de funcionamento particularmente silenciosas<br \/>\nClasse de prote\u00e7\u00e3o do motor IP 54 (padr\u00e3o industrial)<br \/>\nGrande ventilador no volante para resfriamento ideal<br \/>\nRodas de borracha maci\u00e7a para f\u00e1cil transporte<\/p>\n<p>Constru\u00eddo de acordo com as diretrizes da CE<br \/>\nEquipamento completo com cabo de conex\u00e3o e plugue<\/p>\n<p>Dados t\u00e9cnicos:<br \/>\nVolume de eleva\u00e7\u00e3o 600 l\/min<br \/>\nFluxo de volume de entrada utiliz\u00e1vel (volume de entrega) 410 l\/min, a 8 bar(g)<br \/>\nSobrepress\u00e3o m\u00e1xima 10 bar<br \/>\nMotor el\u00e9trico corrente trif\u00e1sica 3 kW, 400\/230Y\u0394~3 \/50 V \/ Hz<br \/>\nVelocidade 1450 min\u00b9<br \/>\nCapacidade do tanque 90 litros<br \/>\nC x L x A 125 x 59 x 92 cm<br \/>\nPeso 94 kg<br \/>\nN\u00edvel de ru\u00eddo de acordo com a norma DIN 45635 T13, 4 m de dist\u00e2ncia 67 dB(A)<\/p>\n<p>&nbsp;<\/p>\n","protected":false},"excerpt":{"rendered":"<p>AGRE BOSS 7002 D Modelo MKE 601 D &#8211; Como novo a partir do ano 2020 Dados t\u00e9cnicos: Compressor de pist\u00e3o de dois cilindros com acionamento direto em projeto de est\u00e1gio \u00fanico, lubrificado a \u00f3leo e resfriado a ar. Acionamento direto, design compacto, m\u00e1xima confiabilidade operacional e alta efici\u00eancia As baixas velocidades do sistema garantem [&hellip;]<\/p>\n","protected":false},"featured_media":124082,"template":"","meta":[],"product_brand":[],"product_cat":[2927],"product_tag":[],"class_list":{"0":"post-124264","1":"product","2":"type-product","3":"status-publish","4":"has-post-thumbnail","6":"product_cat-compressores-e-bombas-de-vacuo","8":"first","9":"instock","10":"taxable","11":"shipping-taxable","12":"product-type-simple"},"jetpack_sharing_enabled":true,"_links":{"self":[{"href":"https:\/\/www.3p-gmbh.de\/pt-br\/wp-json\/wp\/v2\/product\/124264","targetHints":{"allow":["GET"]}}],"collection":[{"href":"https:\/\/www.3p-gmbh.de\/pt-br\/wp-json\/wp\/v2\/product"}],"about":[{"href":"https:\/\/www.3p-gmbh.de\/pt-br\/wp-json\/wp\/v2\/types\/product"}],"wp:featuredmedia":[{"embeddable":true,"href":"https:\/\/www.3p-gmbh.de\/pt-br\/wp-json\/wp\/v2\/media\/124082"}],"wp:attachment":[{"href":"https:\/\/www.3p-gmbh.de\/pt-br\/wp-json\/wp\/v2\/media?parent=124264"}],"wp:term":[{"taxonomy":"product_brand","embeddable":true,"href":"https:\/\/www.3p-gmbh.de\/pt-br\/wp-json\/wp\/v2\/product_brand?post=124264"},{"taxonomy":"product_cat","embeddable":true,"href":"https:\/\/www.3p-gmbh.de\/pt-br\/wp-json\/wp\/v2\/product_cat?post=124264"},{"taxonomy":"product_tag","embeddable":true,"href":"https:\/\/www.3p-gmbh.de\/pt-br\/wp-json\/wp\/v2\/product_tag?post=124264"}],"curies":[{"name":"wp","href":"https:\/\/api.w.org\/{rel}","templated":true}]}}