{"id":124001,"date":"2025-02-20T09:14:34","date_gmt":"2025-02-20T09:14:34","guid":{"rendered":"https:\/\/www.3p-gmbh.de\/produkt\/roda-de-medicao-de-distancia-com-visor-digital\/"},"modified":"2025-02-20T09:14:34","modified_gmt":"2025-02-20T09:14:34","slug":"roda-de-medicao-de-distancia-com-visor-digital","status":"publish","type":"product","link":"https:\/\/www.3p-gmbh.de\/pt-br\/produkt\/roda-de-medicao-de-distancia-com-visor-digital\/","title":{"rendered":"Roda de medi\u00e7\u00e3o de dist\u00e2ncia com visor digital"},"content":{"rendered":"<p><strong><span style=\"color: #0000ff;\">Roda de medi\u00e7\u00e3o de dist\u00e2ncia com visor digital<\/span><\/strong><\/p>\n","protected":false},"excerpt":{"rendered":"<p>Roda de medi\u00e7\u00e3o de dist\u00e2ncia com visor digital<\/p>\n","protected":false},"featured_media":123370,"template":"","meta":[],"product_brand":[],"product_cat":[2877],"product_tag":[],"class_list":{"0":"post-124001","1":"product","2":"type-product","3":"status-publish","4":"has-post-thumbnail","6":"product_cat-equipamento-de-oficina","8":"first","9":"instock","10":"taxable","11":"shipping-taxable","12":"product-type-simple"},"jetpack_sharing_enabled":true,"_links":{"self":[{"href":"https:\/\/www.3p-gmbh.de\/pt-br\/wp-json\/wp\/v2\/product\/124001","targetHints":{"allow":["GET"]}}],"collection":[{"href":"https:\/\/www.3p-gmbh.de\/pt-br\/wp-json\/wp\/v2\/product"}],"about":[{"href":"https:\/\/www.3p-gmbh.de\/pt-br\/wp-json\/wp\/v2\/types\/product"}],"wp:featuredmedia":[{"embeddable":true,"href":"https:\/\/www.3p-gmbh.de\/pt-br\/wp-json\/wp\/v2\/media\/123370"}],"wp:attachment":[{"href":"https:\/\/www.3p-gmbh.de\/pt-br\/wp-json\/wp\/v2\/media?parent=124001"}],"wp:term":[{"taxonomy":"product_brand","embeddable":true,"href":"https:\/\/www.3p-gmbh.de\/pt-br\/wp-json\/wp\/v2\/product_brand?post=124001"},{"taxonomy":"product_cat","embeddable":true,"href":"https:\/\/www.3p-gmbh.de\/pt-br\/wp-json\/wp\/v2\/product_cat?post=124001"},{"taxonomy":"product_tag","embeddable":true,"href":"https:\/\/www.3p-gmbh.de\/pt-br\/wp-json\/wp\/v2\/product_tag?post=124001"}],"curies":[{"name":"wp","href":"https:\/\/api.w.org\/{rel}","templated":true}]}}