{"id":123973,"date":"2025-02-20T09:26:40","date_gmt":"2025-02-20T09:26:40","guid":{"rendered":"https:\/\/www.3p-gmbh.de\/produkt\/visualizacao-de-luz-padrao-gti-trv-1\/"},"modified":"2025-02-20T09:26:40","modified_gmt":"2025-02-20T09:26:40","slug":"visualizacao-de-luz-padrao-gti-trv-1","status":"publish","type":"product","link":"https:\/\/www.3p-gmbh.de\/pt-br\/produkt\/visualizacao-de-luz-padrao-gti-trv-1\/","title":{"rendered":"Visualiza\u00e7\u00e3o de luz padr\u00e3o Gti TRV-1"},"content":{"rendered":"<p><strong><span style=\"color: #0000ff;\">Visualiza\u00e7\u00e3o de luz padr\u00e3o Gti TRV-1<\/span><\/strong><\/p>\n","protected":false},"excerpt":{"rendered":"<p>Visualiza\u00e7\u00e3o de luz padr\u00e3o Gti TRV-1<\/p>\n","protected":false},"featured_media":123477,"template":"","meta":[],"product_brand":[],"product_cat":[4075,3080],"product_tag":[],"class_list":{"0":"post-123973","1":"product","2":"type-product","3":"status-publish","4":"has-post-thumbnail","6":"product_cat-luz-padrao","7":"product_cat-scanner-pt-br","9":"first","10":"instock","11":"taxable","12":"shipping-taxable","13":"product-type-simple"},"jetpack_sharing_enabled":true,"_links":{"self":[{"href":"https:\/\/www.3p-gmbh.de\/pt-br\/wp-json\/wp\/v2\/product\/123973","targetHints":{"allow":["GET"]}}],"collection":[{"href":"https:\/\/www.3p-gmbh.de\/pt-br\/wp-json\/wp\/v2\/product"}],"about":[{"href":"https:\/\/www.3p-gmbh.de\/pt-br\/wp-json\/wp\/v2\/types\/product"}],"wp:featuredmedia":[{"embeddable":true,"href":"https:\/\/www.3p-gmbh.de\/pt-br\/wp-json\/wp\/v2\/media\/123477"}],"wp:attachment":[{"href":"https:\/\/www.3p-gmbh.de\/pt-br\/wp-json\/wp\/v2\/media?parent=123973"}],"wp:term":[{"taxonomy":"product_brand","embeddable":true,"href":"https:\/\/www.3p-gmbh.de\/pt-br\/wp-json\/wp\/v2\/product_brand?post=123973"},{"taxonomy":"product_cat","embeddable":true,"href":"https:\/\/www.3p-gmbh.de\/pt-br\/wp-json\/wp\/v2\/product_cat?post=123973"},{"taxonomy":"product_tag","embeddable":true,"href":"https:\/\/www.3p-gmbh.de\/pt-br\/wp-json\/wp\/v2\/product_tag?post=123973"}],"curies":[{"name":"wp","href":"https:\/\/api.w.org\/{rel}","templated":true}]}}