{"id":123899,"date":"2025-02-24T10:10:27","date_gmt":"2025-02-24T10:10:27","guid":{"rendered":"https:\/\/www.3p-gmbh.de\/produkt\/empilhadeira-retratil-jungheinrich-etv-114-com-carregador-de-bateria-akkumat-48v-65a\/"},"modified":"2025-02-24T10:10:27","modified_gmt":"2025-02-24T10:10:27","slug":"empilhadeira-retratil-jungheinrich-etv-114-com-carregador-de-bateria-akkumat-48v-65a","status":"publish","type":"product","link":"https:\/\/www.3p-gmbh.de\/pt-br\/produkt\/empilhadeira-retratil-jungheinrich-etv-114-com-carregador-de-bateria-akkumat-48v-65a\/","title":{"rendered":"Empilhadeira retr\u00e1til Jungheinrich ETV 114 com carregador de bateria Akkumat 48V 65A"},"content":{"rendered":"<p><strong><span style=\"color: #0000ff;\">Empilhadeira retr\u00e1til Jungheinrich ETV 114 com carregador Akkumat 48V 65A<\/span><\/strong><br \/>\natualmente 3307 horas de opera\u00e7\u00e3o<\/p>\n","protected":false},"excerpt":{"rendered":"<p>Empilhadeira retr\u00e1til Jungheinrich ETV 114 com carregador Akkumat 48V 65A atualmente 3307 horas de opera\u00e7\u00e3o<\/p>\n","protected":false},"featured_media":123644,"template":"","meta":[],"product_brand":[],"product_cat":[2877,2923],"product_tag":[],"class_list":{"0":"post-123899","1":"product","2":"type-product","3":"status-publish","4":"has-post-thumbnail","6":"product_cat-equipamento-de-oficina","7":"product_cat-tecnologia-de-armazenamento","9":"first","10":"instock","11":"taxable","12":"shipping-taxable","13":"product-type-simple"},"jetpack_sharing_enabled":true,"_links":{"self":[{"href":"https:\/\/www.3p-gmbh.de\/pt-br\/wp-json\/wp\/v2\/product\/123899","targetHints":{"allow":["GET"]}}],"collection":[{"href":"https:\/\/www.3p-gmbh.de\/pt-br\/wp-json\/wp\/v2\/product"}],"about":[{"href":"https:\/\/www.3p-gmbh.de\/pt-br\/wp-json\/wp\/v2\/types\/product"}],"wp:featuredmedia":[{"embeddable":true,"href":"https:\/\/www.3p-gmbh.de\/pt-br\/wp-json\/wp\/v2\/media\/123644"}],"wp:attachment":[{"href":"https:\/\/www.3p-gmbh.de\/pt-br\/wp-json\/wp\/v2\/media?parent=123899"}],"wp:term":[{"taxonomy":"product_brand","embeddable":true,"href":"https:\/\/www.3p-gmbh.de\/pt-br\/wp-json\/wp\/v2\/product_brand?post=123899"},{"taxonomy":"product_cat","embeddable":true,"href":"https:\/\/www.3p-gmbh.de\/pt-br\/wp-json\/wp\/v2\/product_cat?post=123899"},{"taxonomy":"product_tag","embeddable":true,"href":"https:\/\/www.3p-gmbh.de\/pt-br\/wp-json\/wp\/v2\/product_tag?post=123899"}],"curies":[{"name":"wp","href":"https:\/\/api.w.org\/{rel}","templated":true}]}}