{"id":123885,"date":"2025-02-24T10:37:19","date_gmt":"2025-02-24T10:37:19","guid":{"rendered":"https:\/\/www.3p-gmbh.de\/produkt\/maquina-de-dobra-combinada-ajustavel-e-totalmente-automatica-para-16-paginas-heidelberg-stahlfolder-ch-56-6-kt-ffh-auto-com-entrega-sak-56\/"},"modified":"2025-02-24T14:08:39","modified_gmt":"2025-02-24T14:08:39","slug":"maquina-de-dobra-combinada-ajustavel-e-totalmente-automatica-para-16-paginas-heidelberg-stahlfolder-ch-56-6-kt-ffh-auto-com-entrega-sak-56","status":"publish","type":"product","link":"https:\/\/www.3p-gmbh.de\/pt-br\/produkt\/maquina-de-dobra-combinada-ajustavel-e-totalmente-automatica-para-16-paginas-heidelberg-stahlfolder-ch-56-6-kt-ffh-auto-com-entrega-sak-56\/","title":{"rendered":"M\u00e1quina de dobra combinada ajust\u00e1vel e totalmente autom\u00e1tica para 16 p\u00e1ginas Heidelberg Stahlfolder CH 56-6-KT-FFH Auto com entrega SAK 56"},"content":{"rendered":"<div><\/div>\n<div><span style=\"color: #0000ff;\"><strong>M\u00e1quina de dobragem combinada <span style=\"color: #ff0000;\">ajust\u00e1vel e totalmente autom\u00e1tica<\/span> de 16 p\u00e1ginas Heidelberg Stahlfolder CH 56-6-KT-FFH Auto com entrega SAK 56<br \/>\n<\/strong><\/span><span style=\"color: #0000ff;\"><strong>Ano de constru\u00e7\u00e3o 2017<\/strong><\/span><\/div>\n<div>Formato m\u00e1ximo. 560&#215;900 mm<br \/>\nFormato m\u00edn. 140&#215;180 mm<br \/>\nGramatura do papel (g\/m\u00b2) 40 &#8211; 250<br \/>\nAltura m\u00e1xima da pilha 80 cm  Altura da pilha 80 cm<br \/>\nComprimento m\u00e1x. Comprimento da dobra 58 cm Bolso 1<br \/>\nComprimento m\u00ednimo da dobra 6 cm<br \/>\nVelocidade m\u00e1x. Velocidade (m\/min.) 200<br \/>\nVelocidade m\u00ednima (m\/min.) 25<br \/>\nDi\u00e2metro dos rolos de dobragem (mm) 44      <\/div>\n<div>Bomba de v\u00e1cuo pressurizada<br \/>\nAlimentador de pilha plana com Tremat e MCT com tela sens\u00edvel ao toque<br \/>\nSeis placas de fivela com largura de alimenta\u00e7\u00e3o de 56 cm<br \/>\nEspada<br \/>\nplaca de fivela horizontal<\/div>\n<div>\n<p>Centreboard<\/p>\n<p>entrega de correia m\u00f3vel SAK 56<br \/>\ncom MCT<\/p>\n<\/div>\n<div><\/div>\n<div>Placa de fivela de dobra de porta pneum\u00e1tica com unidade de controle ACC 2.4<\/div>\n","protected":false},"excerpt":{"rendered":"<p>M\u00e1quina de dobragem combinada ajust\u00e1vel e totalmente autom\u00e1tica de 16 p\u00e1ginas Heidelberg Stahlfolder CH 56-6-KT-FFH Auto com entrega SAK 56 Ano de constru\u00e7\u00e3o 2017 Formato m\u00e1ximo. 560&#215;900 mm Formato m\u00edn. 140&#215;180 mm Gramatura do papel (g\/m\u00b2) 40 &#8211; 250 Altura m\u00e1xima da pilha 80 cm Altura da pilha 80 cm Comprimento m\u00e1x. Comprimento da dobra [&hellip;]<\/p>\n","protected":false},"featured_media":123810,"template":"","meta":[],"product_brand":[],"product_cat":[2979],"product_tag":[],"class_list":{"0":"post-123885","1":"product","2":"type-product","3":"status-publish","4":"has-post-thumbnail","6":"product_cat-maquinas-de-dobrar","7":"pa_baujahr-711","8":"pa_bezeichnung_typ-ch-56-6-kt-ffh","9":"pa_hersteller-heidelberg","11":"first","12":"instock","13":"taxable","14":"shipping-taxable","15":"product-type-simple"},"jetpack_sharing_enabled":true,"_links":{"self":[{"href":"https:\/\/www.3p-gmbh.de\/pt-br\/wp-json\/wp\/v2\/product\/123885","targetHints":{"allow":["GET"]}}],"collection":[{"href":"https:\/\/www.3p-gmbh.de\/pt-br\/wp-json\/wp\/v2\/product"}],"about":[{"href":"https:\/\/www.3p-gmbh.de\/pt-br\/wp-json\/wp\/v2\/types\/product"}],"wp:featuredmedia":[{"embeddable":true,"href":"https:\/\/www.3p-gmbh.de\/pt-br\/wp-json\/wp\/v2\/media\/123810"}],"wp:attachment":[{"href":"https:\/\/www.3p-gmbh.de\/pt-br\/wp-json\/wp\/v2\/media?parent=123885"}],"wp:term":[{"taxonomy":"product_brand","embeddable":true,"href":"https:\/\/www.3p-gmbh.de\/pt-br\/wp-json\/wp\/v2\/product_brand?post=123885"},{"taxonomy":"product_cat","embeddable":true,"href":"https:\/\/www.3p-gmbh.de\/pt-br\/wp-json\/wp\/v2\/product_cat?post=123885"},{"taxonomy":"product_tag","embeddable":true,"href":"https:\/\/www.3p-gmbh.de\/pt-br\/wp-json\/wp\/v2\/product_tag?post=123885"}],"curies":[{"name":"wp","href":"https:\/\/api.w.org\/{rel}","templated":true}]}}