{"id":123871,"date":"2025-02-24T10:48:11","date_gmt":"2025-02-24T10:48:11","guid":{"rendered":"https:\/\/www.3p-gmbh.de\/produkt\/16-paginas-porta-fivelas-ajustavel-totalmente-automatizado-heidelberg-stahlfolder-th-66-6-4-pfh-com-entrega-da-esteira-de-prensa-stahlfolder-sph-70\/"},"modified":"2025-02-24T10:48:11","modified_gmt":"2025-02-24T10:48:11","slug":"16-paginas-porta-fivelas-ajustavel-totalmente-automatizado-heidelberg-stahlfolder-th-66-6-4-pfh-com-entrega-da-esteira-de-prensa-stahlfolder-sph-70","status":"publish","type":"product","link":"https:\/\/www.3p-gmbh.de\/pt-br\/produkt\/16-paginas-porta-fivelas-ajustavel-totalmente-automatizado-heidelberg-stahlfolder-th-66-6-4-pfh-com-entrega-da-esteira-de-prensa-stahlfolder-sph-70\/","title":{"rendered":"16 P\u00e1ginas Porta-fivelas ajust\u00e1vel totalmente automatizado Heidelberg Stahlfolder TH 66-6-4-PFH com entrega da esteira de prensa Stahlfolder SPH-70"},"content":{"rendered":"<div><span style=\"color: #0000ff;\"><strong>16 p\u00e1ginas totalmente automatizada e ajust\u00e1vel com fivela Heidelberg Stahlfolder TH 66-6-4-PFH com esteira de prensa Stahlfolder SPH-70<\/strong><\/span><br \/>\nAno 2008<\/div>\n<div>pouco usado<br \/>\nTamanho m\u00e1ximo da folha, largura\u00d7comprimento (cm): 66\u00d790<br \/>\nTamanho m\u00ednimo da folha, largura\u00d7comprimento (cm): 14\u00d718<br \/>\nPeso do papel (g\/m2): 40-250Especifica\u00e7\u00e3o<br \/>\nAlimentador de paletes<br \/>\nSistema de controle MCT: painel de controle com visor ou tela sens\u00edvel ao toque <\/p>\n<p>1\u00aa Unidade de dobragem 66-6 alimenta\u00e7\u00e3o 66cms<br \/>\nN\u00famero de placas de fivela: 6<br \/>\najuste automatizado de roletes e bolsos<\/p>\n<p>2st Unidade de dobragem 66-6 alimenta\u00e7\u00e3o 66cms<br \/>\nN\u00famero de placas de fivela: 4<br \/>\najuste automatizado de roletes e bolsos<\/p>\n<\/div>\n<div><strong><span style=\"color: #0000ff;\">Entrega da esteira da prensa m\u00f3vel Heidelberg Stahlfolder SPH-70<\/span><\/strong><\/div>\n<div>Sistema de controle MCT<\/div>\n<div>\n<p>Bom estado de funcionamento<br \/>\nPossibilidade de teste<br \/>\nFotos anexas<br \/>\nDisponibilidade imediata Localiza\u00e7\u00e3o Alemanha<\/p>\n<\/div>\n","protected":false},"excerpt":{"rendered":"<p>16 p\u00e1ginas totalmente automatizada e ajust\u00e1vel com fivela Heidelberg Stahlfolder TH 66-6-4-PFH com esteira de prensa Stahlfolder SPH-70 Ano 2008 pouco usado Tamanho m\u00e1ximo da folha, largura\u00d7comprimento (cm): 66\u00d790 Tamanho m\u00ednimo da folha, largura\u00d7comprimento (cm): 14\u00d718 Peso do papel (g\/m2): 40-250Especifica\u00e7\u00e3o Alimentador de paletes Sistema de controle MCT: painel de controle com visor ou tela [&hellip;]<\/p>\n","protected":false},"featured_media":123856,"template":"","meta":[],"product_brand":[],"product_cat":[3835,2979],"product_tag":[],"class_list":{"0":"post-123871","1":"product","2":"type-product","3":"status-publish","4":"has-post-thumbnail","6":"product_cat-folding-machines-pt-br","7":"product_cat-maquinas-de-dobrar","8":"pa_baujahr-711","9":"pa_bezeichnung_typ-stahlfolder-th-56","10":"pa_hersteller-heidelberg","12":"first","13":"instock","14":"taxable","15":"shipping-taxable","16":"product-type-simple"},"jetpack_sharing_enabled":true,"_links":{"self":[{"href":"https:\/\/www.3p-gmbh.de\/pt-br\/wp-json\/wp\/v2\/product\/123871","targetHints":{"allow":["GET"]}}],"collection":[{"href":"https:\/\/www.3p-gmbh.de\/pt-br\/wp-json\/wp\/v2\/product"}],"about":[{"href":"https:\/\/www.3p-gmbh.de\/pt-br\/wp-json\/wp\/v2\/types\/product"}],"wp:featuredmedia":[{"embeddable":true,"href":"https:\/\/www.3p-gmbh.de\/pt-br\/wp-json\/wp\/v2\/media\/123856"}],"wp:attachment":[{"href":"https:\/\/www.3p-gmbh.de\/pt-br\/wp-json\/wp\/v2\/media?parent=123871"}],"wp:term":[{"taxonomy":"product_brand","embeddable":true,"href":"https:\/\/www.3p-gmbh.de\/pt-br\/wp-json\/wp\/v2\/product_brand?post=123871"},{"taxonomy":"product_cat","embeddable":true,"href":"https:\/\/www.3p-gmbh.de\/pt-br\/wp-json\/wp\/v2\/product_cat?post=123871"},{"taxonomy":"product_tag","embeddable":true,"href":"https:\/\/www.3p-gmbh.de\/pt-br\/wp-json\/wp\/v2\/product_tag?post=123871"}],"curies":[{"name":"wp","href":"https:\/\/api.w.org\/{rel}","templated":true}]}}