{"id":94674,"date":"2022-09-04T01:17:13","date_gmt":"2022-09-04T01:17:13","guid":{"rendered":"https:\/\/www.3p-gmbh.de\/produkt\/indrum-thermo-ctp-anlage-luescher-xpose-230-th-mit-tiff-spooler\/"},"modified":"2022-09-04T01:17:13","modified_gmt":"2022-09-04T01:17:13","slug":"acht-auf-dem-trommel-thermische-ctp-system-luescher-xpose-230-th-mit-tiff-spooler","status":"publish","type":"product","link":"https:\/\/www.3p-gmbh.de\/pl\/produkt\/acht-auf-dem-trommel-thermische-ctp-system-luescher-xpose-230-th-mit-tiff-spooler\/","title":{"rendered":"indrum thermo CtP-Anlage L\u00fcscher Xpose 230 TH mit Tiff Spooler"},"content":{"rendered":"<p><strong>indrum thermo CtP-System L\u00fcscher Xpose 230 TH mit Tiff Spooler<\/strong><br \/>\n<strong>Baujahr 11-2011<\/strong><br \/>\nguter Zustand<\/p>\n<p>max. Plattengr\u00f6\u00dfe min 430x360mm, max 1130&#215;950<br \/>\nPlattenst\u00e4rke 0,20 &#8211; 0,4 mm<\/p>\n<p>&#8211; intern Stanzen<br \/>\n&#8211; automatische Abladung<\/p>\n","protected":false},"excerpt":{"rendered":"<p>indrum thermo CtP-System L\u00fcscher Xpose 230 TH mit Tiff Spooler Baujahr 11-2011 guter Zustand max. Plattengr\u00f6\u00dfe min 430x360mm, max 1130&#215;950 Plattenst\u00e4rke 0,20 &#8211; 0,4 mm &#8211; intern Stanzen &#8211; automatische Abladung<\/p>\n","protected":false},"featured_media":45112,"template":"","meta":[],"product_brand":[],"product_cat":[82,15],"product_tag":[],"class_list":{"0":"post-94674","1":"product","2":"type-product","3":"status-publish","4":"has-post-thumbnail","6":"product_cat-computer-to-plate-systeme","7":"product_cat-unkategorisiert","8":"pa_hersteller-luescher-2","9":"pa_typ-xpose-230-th","11":"first","12":"instock","13":"taxable","14":"shipping-taxable","15":"product-type-simple"},"jetpack_sharing_enabled":true,"_links":{"self":[{"href":"https:\/\/www.3p-gmbh.de\/pl\/wp-json\/wp\/v2\/product\/94674","targetHints":{"allow":["GET"]}}],"collection":[{"href":"https:\/\/www.3p-gmbh.de\/pl\/wp-json\/wp\/v2\/product"}],"about":[{"href":"https:\/\/www.3p-gmbh.de\/pl\/wp-json\/wp\/v2\/types\/product"}],"wp:featuredmedia":[{"embeddable":true,"href":"https:\/\/www.3p-gmbh.de\/pl\/wp-json\/wp\/v2\/media\/45112"}],"wp:attachment":[{"href":"https:\/\/www.3p-gmbh.de\/pl\/wp-json\/wp\/v2\/media?parent=94674"}],"wp:term":[{"taxonomy":"product_brand","embeddable":true,"href":"https:\/\/www.3p-gmbh.de\/pl\/wp-json\/wp\/v2\/product_brand?post=94674"},{"taxonomy":"product_cat","embeddable":true,"href":"https:\/\/www.3p-gmbh.de\/pl\/wp-json\/wp\/v2\/product_cat?post=94674"},{"taxonomy":"product_tag","embeddable":true,"href":"https:\/\/www.3p-gmbh.de\/pl\/wp-json\/wp\/v2\/product_tag?post=94674"}],"curies":[{"name":"wp","href":"https:\/\/api.w.org\/{rel}","templated":true}]}}