{"id":7480,"date":"2019-07-11T13:59:46","date_gmt":"2019-07-11T13:59:46","guid":{"rendered":"http:\/\/www.3p-gmbh.de\/produkt\/kompressorenanlage\/"},"modified":"2019-07-30T10:06:46","modified_gmt":"2019-07-30T10:06:46","slug":"kompressorenanlage","status":"publish","type":"product","link":"https:\/\/www.3p-gmbh.de\/pl\/produkt\/kompressorenanlage\/","title":{"rendered":"Mark MSM Kompressorenanlage"},"content":{"rendered":"<p>Druckluft-Anlage, bestehend aus Kompressor mit Kessel-Unterbau 200 Ltr.<br \/>\nMARK MSM 2.2 KW Dmini<br \/>\nBj. 2006, nur 2818 Stunden<br \/>\nLeistung 10 bar<br \/>\nzus\u00e4tzl. K\u00e4lte-Trockner-Einheit<br \/>\nzus\u00e4tzl. Kessel, 250 Ltr. aus 2013<\/p>\n","protected":false},"excerpt":{"rendered":"<p>Druckluft-Anlage, bestehend aus Kompressor mit Kessel-Unterbau 200 Ltr. MARK MSM 2.2 KW Dmini Bj. 2006, nur 2818 Stunden Leistung 10 bar zus\u00e4tzl. K\u00e4lte-Trockner-Einheit zus\u00e4tzl. Kessel, 250 Ltr. aus 2013<\/p>\n","protected":false},"featured_media":3837,"template":"","meta":[],"product_brand":[],"product_cat":[1492],"product_tag":[],"class_list":{"0":"post-7480","1":"product","2":"type-product","3":"status-publish","4":"has-post-thumbnail","6":"product_cat-kompressoren-und-vakuumpumpen","7":"pa_baujahr-140","8":"pa_hersteller-mark","9":"pa_typ-msm-2-2-kw-dmini","11":"first","12":"instock","13":"sold-individually","14":"taxable","15":"shipping-taxable","16":"purchasable","17":"product-type-simple"},"jetpack_sharing_enabled":true,"_links":{"self":[{"href":"https:\/\/www.3p-gmbh.de\/pl\/wp-json\/wp\/v2\/product\/7480","targetHints":{"allow":["GET"]}}],"collection":[{"href":"https:\/\/www.3p-gmbh.de\/pl\/wp-json\/wp\/v2\/product"}],"about":[{"href":"https:\/\/www.3p-gmbh.de\/pl\/wp-json\/wp\/v2\/types\/product"}],"wp:featuredmedia":[{"embeddable":true,"href":"https:\/\/www.3p-gmbh.de\/pl\/wp-json\/wp\/v2\/media\/3837"}],"wp:attachment":[{"href":"https:\/\/www.3p-gmbh.de\/pl\/wp-json\/wp\/v2\/media?parent=7480"}],"wp:term":[{"taxonomy":"product_brand","embeddable":true,"href":"https:\/\/www.3p-gmbh.de\/pl\/wp-json\/wp\/v2\/product_brand?post=7480"},{"taxonomy":"product_cat","embeddable":true,"href":"https:\/\/www.3p-gmbh.de\/pl\/wp-json\/wp\/v2\/product_cat?post=7480"},{"taxonomy":"product_tag","embeddable":true,"href":"https:\/\/www.3p-gmbh.de\/pl\/wp-json\/wp\/v2\/product_tag?post=7480"}],"curies":[{"name":"wp","href":"https:\/\/api.w.org\/{rel}","templated":true}]}}