{"id":7477,"date":"2019-07-11T13:59:46","date_gmt":"2019-07-11T13:59:46","guid":{"rendered":"http:\/\/www.3p-gmbh.de\/produkt\/elektro-schubmaststapler\/"},"modified":"2019-07-30T09:55:51","modified_gmt":"2019-07-30T09:55:51","slug":"elektro-schubmaststapler","status":"publish","type":"product","link":"https:\/\/www.3p-gmbh.de\/pl\/produkt\/elektro-schubmaststapler\/","title":{"rendered":"Jungheinrich ETV 214 AC Elektro-Schubmaststapler"},"content":{"rendered":"<p>Betriebsstunden: 8248<br \/>\nmax. Hubh\u00f6he 5300mm<br \/>\nSeitenschieber mit Zusatzhydraulik ZH 1, Traglast<br \/>\nHebeleistung 1400 kg<br \/>\nGabell\u00e4nge 115cm mit steckbaren Gabelverl\u00e4ngerungen<br \/>\nelektrische 180\u00b0-Lenkung<br \/>\nsolo Pilot Steuerungshebel f\u00fcr Hydraulikbedienung<br \/>\nBatterie 48 V 560 Ah mit Aquamatik, Ladegeraet 48V 70 A<br \/>\nEigengewicht ca. 3500 kg<\/p>\n","protected":false},"excerpt":{"rendered":"<p>Betriebsstunden: 8248 max. Hubh\u00f6he 5300mm Seitenschieber mit Zusatzhydraulik ZH 1, Traglast Hebeleistung 1400 kg Gabell\u00e4nge 115cm mit steckbaren Gabelverl\u00e4ngerungen elektrische 180\u00b0-Lenkung solo Pilot Steuerungshebel f\u00fcr Hydraulikbedienung Batterie 48 V 560 Ah mit Aquamatik, Ladegeraet 48V 70 A Eigengewicht ca. 3500 kg<\/p>\n","protected":false},"featured_media":3822,"template":"","meta":[],"product_brand":[],"product_cat":[1489],"product_tag":[],"class_list":{"0":"post-7477","1":"product","2":"type-product","3":"status-publish","4":"has-post-thumbnail","6":"product_cat-flurfoerderfahrzeuge","7":"pa_baujahr-153","8":"pa_hersteller-jungheinrich","9":"pa_typ-etv-214-ac","11":"first","12":"instock","13":"sold-individually","14":"taxable","15":"shipping-taxable","16":"purchasable","17":"product-type-simple"},"jetpack_sharing_enabled":true,"_links":{"self":[{"href":"https:\/\/www.3p-gmbh.de\/pl\/wp-json\/wp\/v2\/product\/7477","targetHints":{"allow":["GET"]}}],"collection":[{"href":"https:\/\/www.3p-gmbh.de\/pl\/wp-json\/wp\/v2\/product"}],"about":[{"href":"https:\/\/www.3p-gmbh.de\/pl\/wp-json\/wp\/v2\/types\/product"}],"wp:featuredmedia":[{"embeddable":true,"href":"https:\/\/www.3p-gmbh.de\/pl\/wp-json\/wp\/v2\/media\/3822"}],"wp:attachment":[{"href":"https:\/\/www.3p-gmbh.de\/pl\/wp-json\/wp\/v2\/media?parent=7477"}],"wp:term":[{"taxonomy":"product_brand","embeddable":true,"href":"https:\/\/www.3p-gmbh.de\/pl\/wp-json\/wp\/v2\/product_brand?post=7477"},{"taxonomy":"product_cat","embeddable":true,"href":"https:\/\/www.3p-gmbh.de\/pl\/wp-json\/wp\/v2\/product_cat?post=7477"},{"taxonomy":"product_tag","embeddable":true,"href":"https:\/\/www.3p-gmbh.de\/pl\/wp-json\/wp\/v2\/product_tag?post=7477"}],"curies":[{"name":"wp","href":"https:\/\/api.w.org\/{rel}","templated":true}]}}