{"id":7424,"date":"2019-07-11T13:59:08","date_gmt":"2019-07-11T13:59:08","guid":{"rendered":"http:\/\/www.3p-gmbh.de\/produkt\/broschurenfertigung-5\/"},"modified":"2019-11-12T12:38:34","modified_gmt":"2019-11-12T12:38:34","slug":"broschurenfertigung-5","status":"publish","type":"product","link":"https:\/\/www.3p-gmbh.de\/pl\/produkt\/broschurenfertigung-5\/","title":{"rendered":"Theisen &#038; Bonitz Flex B 310 VP Brosch\u00fcrenfertigung"},"content":{"rendered":"<p>&#8211; Baujahr 1998<br \/>\n&#8211; mit SPS-Touch Display<br \/>\n&#8211; Leistung 3300 Takte\/Stunde mit 2:1 Taktung 4200\/Stunde<br \/>\n&#8211; 10 Anleger A3 + Handzulage rechts oder 20 Anleger A4 Plus + Handzulage rechts<br \/>\n&#8211; Format Max. 35x50cm<br \/>\n&#8211; Format Min. 6,5 x 10cm<br \/>\n&#8211; Stapelh\u00f6he max 300 mm<br \/>\n&#8211; Sch\u00fcttlerbruecke<br \/>\n&#8211; Doppel- und Fehlblattkontrolle<br \/>\n&#8211; Auslagesch\u00fcttler B 3 mit Versatz<\/p>\n<p>Heften\/Falzen\/Schneidaggregat fuer Frontbeschnitt tp sprint QSM 303<br \/>\n&#8211; Baujahr 1999<br \/>\n&#8211; Leistung 4200 Takte\/Stunde (formatabh\u00e4ngig)<br \/>\n&#8211; Pressfalzeinrichtung mit motorische Einstellung<br \/>\n&#8211; 2 Normal Heftk\u00f6pfe Hohner<br \/>\n&#8211; 2 Ring\u00f6sen Umbaukit fuer Heftkoepfe Hohner<br \/>\n&#8211; Auslage Z\u00e4hlung und mit Kicker<\/p>\n","protected":false},"excerpt":{"rendered":"<p>&#8211; Baujahr 1998 &#8211; mit SPS-Touch Display &#8211; Leistung 3300 Takte\/Stunde mit 2:1 Taktung 4200\/Stunde &#8211; 10 Anleger A3 + Handzulage rechts oder 20 Anleger A4 Plus + Handzulage rechts &#8211; Format Max. 35x50cm &#8211; Format Min. 6,5 x 10cm &#8211; Stapelh\u00f6he max 300 mm &#8211; Sch\u00fcttlerbruecke &#8211; Doppel- und Fehlblattkontrolle &#8211; Auslagesch\u00fcttler B 3 [&hellip;]<\/p>\n","protected":false},"featured_media":3608,"template":"","meta":[],"product_brand":[],"product_cat":[1747],"product_tag":[],"class_list":{"0":"post-7424","1":"product","2":"type-product","3":"status-publish","4":"has-post-thumbnail","6":"product_cat-broschuerenfertigungssysteme","7":"pa_baujahr-158","8":"pa_hersteller-theisen-bonitz","9":"pa_typ-flex-b-310-vp-qsm-303","11":"first","12":"instock","13":"sold-individually","14":"taxable","15":"shipping-taxable","16":"purchasable","17":"product-type-simple"},"jetpack_sharing_enabled":true,"_links":{"self":[{"href":"https:\/\/www.3p-gmbh.de\/pl\/wp-json\/wp\/v2\/product\/7424","targetHints":{"allow":["GET"]}}],"collection":[{"href":"https:\/\/www.3p-gmbh.de\/pl\/wp-json\/wp\/v2\/product"}],"about":[{"href":"https:\/\/www.3p-gmbh.de\/pl\/wp-json\/wp\/v2\/types\/product"}],"wp:featuredmedia":[{"embeddable":true,"href":"https:\/\/www.3p-gmbh.de\/pl\/wp-json\/wp\/v2\/media\/3608"}],"wp:attachment":[{"href":"https:\/\/www.3p-gmbh.de\/pl\/wp-json\/wp\/v2\/media?parent=7424"}],"wp:term":[{"taxonomy":"product_brand","embeddable":true,"href":"https:\/\/www.3p-gmbh.de\/pl\/wp-json\/wp\/v2\/product_brand?post=7424"},{"taxonomy":"product_cat","embeddable":true,"href":"https:\/\/www.3p-gmbh.de\/pl\/wp-json\/wp\/v2\/product_cat?post=7424"},{"taxonomy":"product_tag","embeddable":true,"href":"https:\/\/www.3p-gmbh.de\/pl\/wp-json\/wp\/v2\/product_tag?post=7424"}],"curies":[{"name":"wp","href":"https:\/\/api.w.org\/{rel}","templated":true}]}}