{"id":7398,"date":"2019-07-11T13:58:58","date_gmt":"2019-07-11T13:58:58","guid":{"rendered":"http:\/\/www.3p-gmbh.de\/produkt\/bogen-schuettler\/"},"modified":"2019-11-12T13:54:41","modified_gmt":"2019-11-12T13:54:41","slug":"bogen-schuettler","status":"publish","type":"product","link":"https:\/\/www.3p-gmbh.de\/pl\/produkt\/bogen-schuettler\/","title":{"rendered":"M\u00fcro ST Bogen-Sch\u00fcttler"},"content":{"rendered":"<p>fahrbarer Bogen-Sch\u00fcttler zum Ablegen und Glattstossen zusammengetragener Formulars\u00e4tze und Brosch\u00fcrenlagen sowie von Druckb\u00f6gen.<br \/>\nRegulierbare Sch\u00fcttelkraft mittels verstellbarer Unwuchtmutter an der Motorachse.<br \/>\nRegulierbare Geschwindigkeit des Motors, nach links oder rechts drehend zur Feineinstellung der Sch\u00fcttelkraft.<br \/>\nSch\u00fcttelkassette neigbar bis 45 \u00b0<br \/>\nNutzformat: 61 x 76 cm<br \/>\nKassettenh\u00f6he: 10 cm<br \/>\nAussenmasse: 45 x 45 cm<br \/>\nH\u00f6he: 75 &#8211; 95 cm, variabel<br \/>\nAnschluss: 230 V<\/p>\n","protected":false},"excerpt":{"rendered":"<p>fahrbarer Bogen-Sch\u00fcttler zum Ablegen und Glattstossen zusammengetragener Formulars\u00e4tze und Brosch\u00fcrenlagen sowie von Druckb\u00f6gen. Regulierbare Sch\u00fcttelkraft mittels verstellbarer Unwuchtmutter an der Motorachse. Regulierbare Geschwindigkeit des Motors, nach links oder rechts drehend zur Feineinstellung der Sch\u00fcttelkraft. Sch\u00fcttelkassette neigbar bis 45 \u00b0 Nutzformat: 61 x 76 cm Kassettenh\u00f6he: 10 cm Aussenmasse: 45 x 45 cm H\u00f6he: 75 &#8211; [&hellip;]<\/p>\n","protected":false},"featured_media":3488,"template":"","meta":[],"product_brand":[],"product_cat":[1759],"product_tag":[],"class_list":{"0":"post-7398","1":"product","2":"type-product","3":"status-publish","4":"has-post-thumbnail","6":"product_cat-ruetteltische","7":"pa_baujahr-130","8":"pa_hersteller-muero","9":"pa_typ-st-61x76","11":"first","12":"instock","13":"sold-individually","14":"taxable","15":"shipping-taxable","16":"purchasable","17":"product-type-simple"},"jetpack_sharing_enabled":true,"_links":{"self":[{"href":"https:\/\/www.3p-gmbh.de\/pl\/wp-json\/wp\/v2\/product\/7398","targetHints":{"allow":["GET"]}}],"collection":[{"href":"https:\/\/www.3p-gmbh.de\/pl\/wp-json\/wp\/v2\/product"}],"about":[{"href":"https:\/\/www.3p-gmbh.de\/pl\/wp-json\/wp\/v2\/types\/product"}],"wp:featuredmedia":[{"embeddable":true,"href":"https:\/\/www.3p-gmbh.de\/pl\/wp-json\/wp\/v2\/media\/3488"}],"wp:attachment":[{"href":"https:\/\/www.3p-gmbh.de\/pl\/wp-json\/wp\/v2\/media?parent=7398"}],"wp:term":[{"taxonomy":"product_brand","embeddable":true,"href":"https:\/\/www.3p-gmbh.de\/pl\/wp-json\/wp\/v2\/product_brand?post=7398"},{"taxonomy":"product_cat","embeddable":true,"href":"https:\/\/www.3p-gmbh.de\/pl\/wp-json\/wp\/v2\/product_cat?post=7398"},{"taxonomy":"product_tag","embeddable":true,"href":"https:\/\/www.3p-gmbh.de\/pl\/wp-json\/wp\/v2\/product_tag?post=7398"}],"curies":[{"name":"wp","href":"https:\/\/api.w.org\/{rel}","templated":true}]}}